{"id":20318,"date":"2024-10-18T09:24:49","date_gmt":"2024-10-18T07:24:49","guid":{"rendered":"https:\/\/promokit.ksa.demo.lkdemo.net\/termini-e-condizioni\/"},"modified":"2025-08-29T10:44:31","modified_gmt":"2025-08-29T08:44:31","slug":"termini-e-condizioni","status":"publish","type":"page","link":"https:\/\/webcapital.biz\/it\/termini-e-condizioni\/","title":{"rendered":"Termini e condizioni"},"content":{"rendered":"\n<h2 class=\"wp-block-heading\">Parte A \u2013 Termini e Condizioni Generali<\/h2>\n\n<h3 class=\"wp-block-heading\">L&#8217;accordo<\/h3>\n\n<p>I presenti termini e condizioni stabiliscono i termini in base ai quali forniremo il Servizio P2P di LenderKit e costituiscono il nostro accordo con voi in qualit\u00e0 di Prestatore P2P. Il servizio vi \u00e8 fornito da LenderKit Co-Lend Limited, autorizzata e regolamentata dalla Financial Conduct Authority con numero di riferimento 722801. <\/p>\n\n<p>Se desideri utilizzare il servizio LenderKit P2P come prestatore P2P, devi rispettare i presenti termini e condizioni.<\/p>\n\n<p>I termini in maiuscolo hanno il significato indicato nel Glossario alla fine.<\/p>\n\n<h3 class=\"wp-block-heading\">Come diventare un prestatore P2P di LenderKit<\/h3>\n\n<p>\u00c8 necessario registrarsi come prestatore P2P di LenderKit compilando una domanda di prestito sul sito Web per creare il proprio account online. \u00c8 anche possibile compilare una domanda di prestito in formato cartaceo. Se lo si desidera, \u00e8 possibile richiedere tramite il sito Web l&#8217;invio di un modulo cartaceo. L&#8217;utilizzo dei dati personali forniti durante la registrazione e il processo di investimento \u00e8 soggetto ai termini della nostra Informativa sulla privacy e alla clausola [26].   <\/p>\n\n<p>Puoi utilizzare l&#8217;Applicazione Prestatore per prestare denaro tramite il Servizio P2P LenderKit per la prima volta o tramite un Conto Online esistente con noi. L&#8217;investimento minimo e il saldo minimo del conto, tra contanti e capitale di prestito, sono pari a \u00a310. Se il tuo conto scende al di sotto di questo livello, potremmo, a nostra discrezione, chiuderlo e versarti il \u200b\u200bricavato.  <\/p>\n\n<p>Se non ci hai fornito un Conto Nominato valido su cui versare tali proventi e non siamo in grado di contattarti entro 28 giorni, potremmo versare tali saldi a un ente di beneficenza di nostra scelta (a condizione che il tuo conto sia inattivo da almeno 6 anni). Potremmo aumentare il saldo minimo del conto in qualsiasi momento, previo preavviso scritto di un mese. <\/p>\n\n<p>La tua richiesta di finanziamento ci fornir\u00e0 i dettagli del portafoglio P2P che desideri che creiamo per te. Se accettiamo la tua richiesta, ti forniremo i dettagli del tuo conto online. <\/p>\n\n<p>\u00c8 necessario fornirci i dati del conto bancario dal quale si intende effettuare e ricevere pagamenti (il proprio Conto Bancario Designato). Il Conto Bancario Designato deve essere intestato alla persona registrata presso di noi e deve essere intestato a una banca o societ\u00e0 di credito edile (&#8220;istituto di credito&#8221;) da noi ritenuta idonea. Potremmo accettare o rifiutare le richieste di creazione di un Conto Online a nostra assoluta discrezione.  <\/p>\n\n<p>Se desideri aggiungere fondi al tuo portafoglio P2P, vendere tutto o parte del tuo portafoglio P2P o richiederci di trasferire denaro tra il tuo conto cliente LenderKit e il tuo conto bancario nominato, puoi farlo tramite il tuo conto online.<\/p>\n\n<p>Puoi designare qualsiasi parte del denaro contante o del capitale di prestito sul tuo conto come detenuto sul conto per conto di una persona di et\u00e0 inferiore a 18 anni. Qualsiasi denaro contante o capitale di prestito designato in questo modo rimane di tua propriet\u00e0 e non diventa propriet\u00e0 della persona per cui \u00e8 detenuto. <\/p>\n\n<h3 class=\"wp-block-heading\">I Servizi<\/h3>\n\n<p>Il Servizio P2P di LenderKit \u00e8 un servizio di gestione discrezionale del portafoglio prestiti che ti consente di visualizzare la ripartizione della tua liquidit\u00e0 e degli investimenti detenuti sulla piattaforma. Il Sito Web e i presenti termini e condizioni descrivono le modalit\u00e0 in base alle quali LenderKit Co-Lend pu\u00f2 aggiungere e rimuovere periodicamente prestiti P2P dal tuo Portafoglio P2P e, accettando i presenti termini e condizioni, autorizzi LenderKit a effettuare transazioni in prestiti P2P su tale base in qualit\u00e0 di tuo agente.<br\/>Il tuo denaro verr\u00e0 utilizzato per finanziare singoli prestiti P2P, che ti saranno trasferiti e conservati all&#8217;interno del tuo Portafoglio P2P. Adottiamo misure per raggiungere la diversificazione come stabilito nei presenti termini e condizioni.  <\/p>\n\n<p>Come parte del servizio LenderKit P2P, gestiremo il tuo portafoglio P2P su base discrezionale, inclusa la riallocazione dei tuoi prestiti e quindi la diversificazione del tuo portafoglio come riteniamo opportuno, per offrirti visibilit\u00e0 a una gamma di mutuatari man mano che si presentano nuove opportunit\u00e0.<\/p>\n\n<h3 class=\"wp-block-heading\">Finanziamento del tuo conto online<\/h3>\n\n<p>Potrai aggiungere fondi al tuo Portafoglio P2P tramite bonifico elettronico, pagamento con carta di debito o addebito diretto al momento della creazione del tuo Conto Online. Ci autorizzi pertanto a inviare istruzioni all&#8217;istituto finanziario che ha emesso la tua carta per prelevare i pagamenti dal tuo conto carta in conformit\u00e0 con i presenti termini e condizioni. Puoi aggiornare le preferenze del tuo Conto Online in relazione a qualsiasi liquidit\u00e0 non investita in qualsiasi momento. Se desideri aggiungere fondi a un Portafoglio P2P esistente, applicheremo gli stessi criteri di diversificazione all&#8217;intero Portafoglio P2P, sebbene il Tasso Personale da te raggiunto possa variare nel tempo in linea con le condizioni di mercato e le variazioni del Tasso Obiettivo, come descritto nella clausola [12]. Potremmo anche accettare che tu aggiunga fondi al tuo Portafoglio P2P tramite pagamenti tramite assegno; tuttavia, riconosceremo tali pagamenti solo una volta che i fondi saranno stati interamente accreditati sul Conto Cliente LenderKit. Se desideri finanziare il tuo portafoglio P2P tramite pagamenti tramite assegno, contattaci telefonicamente al numero 0800 294 6848 o via e-mail all&#8217;indirizzo support@LenderKitchoice.com.<\/p>\n\n<h3 class=\"wp-block-heading\">Reinvestimento degli interessi<\/h3>\n\n<p>A meno che non disattivi l&#8217;opzione &#8220;reinvestire i tuoi interessi?&#8221; tramite il tuo Conto Online, reinvestiremo automaticamente i proventi degli interessi in nuovi Prestiti P2P, che saranno detenuti nel tuo Portafoglio P2P allo stesso modo dei nuovi fondi aggiunti ai sensi della clausola [4] di cui sopra. Se preferisci ricevere gli interessi, dovrai disattivare l&#8217;opzione &#8220;reinvestire i tuoi interessi?&#8221;; una volta ricevuti, gli interessi verranno automaticamente versati sul tuo Conto Bancario Nominato su base mensile. <\/p>\n","protected":false},"excerpt":{"rendered":"<p>Parte A \u2013 Termini e Condizioni Generali L&#8217;accordo I presenti termini e condizioni stabiliscono i termini in base ai quali forniremo il Servizio P2P di LenderKit e costituiscono il nostro accordo con voi in qualit\u00e0 di Prestatore P2P. Il servizio vi \u00e8 fornito da LenderKit Co-Lend Limited, autorizzata e regolamentata dalla Financial Conduct Authority con [&hellip;]<\/p>\n","protected":false},"author":1,"featured_media":0,"parent":0,"menu_order":0,"comment_status":"closed","ping_status":"closed","template":"","meta":{"footnotes":""},"class_list":["post-20318","page","type-page","status-publish","hentry"],"yoast_head":"<!-- This site is optimized with the Yoast SEO plugin v25.9 - https:\/\/yoast.com\/wordpress\/plugins\/seo\/ -->\n<title>Termini e condizioni - WEB CAPITAL<\/title>\n<meta name=\"robots\" content=\"noindex, follow, max-snippet:-1, max-image-preview:large, max-video-preview:-1\" \/>\n<meta property=\"og:locale\" content=\"it_IT\" \/>\n<meta property=\"og:type\" content=\"article\" \/>\n<meta property=\"og:title\" content=\"Termini e condizioni - WEB CAPITAL\" \/>\n<meta property=\"og:description\" content=\"Parte A \u2013 Termini e Condizioni Generali L&#8217;accordo I presenti termini e condizioni stabiliscono i termini in base ai quali forniremo il Servizio P2P di LenderKit e costituiscono il nostro accordo con voi in qualit\u00e0 di Prestatore P2P. Il servizio vi \u00e8 fornito da LenderKit Co-Lend Limited, autorizzata e regolamentata dalla Financial Conduct Authority con [&hellip;]\" \/>\n<meta property=\"og:url\" content=\"https:\/\/webcapital.biz\/it\/termini-e-condizioni\/\" \/>\n<meta property=\"og:site_name\" content=\"WEB CAPITAL\" \/>\n<meta property=\"article:modified_time\" content=\"2025-08-29T08:44:31+00:00\" \/>\n<meta name=\"twitter:card\" content=\"summary_large_image\" \/>\n<meta name=\"twitter:label1\" content=\"Est. reading time\" \/>\n\t<meta name=\"twitter:data1\" content=\"5 minutes\" \/>\n<script type=\"application\/ld+json\" class=\"yoast-schema-graph\">{\"@context\":\"https:\/\/schema.org\",\"@graph\":[{\"@type\":\"WebPage\",\"@id\":\"https:\/\/webcapital.biz\/it\/termini-e-condizioni\/\",\"url\":\"https:\/\/webcapital.biz\/it\/termini-e-condizioni\/\",\"name\":\"Termini e condizioni - WEB CAPITAL\",\"isPartOf\":{\"@id\":\"https:\/\/webcapital.biz\/it\/#website\"},\"datePublished\":\"2024-10-18T07:24:49+00:00\",\"dateModified\":\"2025-08-29T08:44:31+00:00\",\"breadcrumb\":{\"@id\":\"https:\/\/webcapital.biz\/it\/termini-e-condizioni\/#breadcrumb\"},\"inLanguage\":\"it-IT\",\"potentialAction\":[{\"@type\":\"ReadAction\",\"target\":[\"https:\/\/webcapital.biz\/it\/termini-e-condizioni\/\"]}]},{\"@type\":\"BreadcrumbList\",\"@id\":\"https:\/\/webcapital.biz\/it\/termini-e-condizioni\/#breadcrumb\",\"itemListElement\":[{\"@type\":\"ListItem\",\"position\":1,\"name\":\"Home\",\"item\":\"https:\/\/webcapital.biz\/it\/\"},{\"@type\":\"ListItem\",\"position\":2,\"name\":\"Termini e condizioni\"}]},{\"@type\":\"WebSite\",\"@id\":\"https:\/\/webcapital.biz\/it\/#website\",\"url\":\"https:\/\/webcapital.biz\/it\/\",\"name\":\"WEB CAPITAL\",\"description\":\"\",\"publisher\":{\"@id\":\"https:\/\/webcapital.biz\/it\/#organization\"},\"potentialAction\":[{\"@type\":\"SearchAction\",\"target\":{\"@type\":\"EntryPoint\",\"urlTemplate\":\"https:\/\/webcapital.biz\/it\/?s={search_term_string}\"},\"query-input\":{\"@type\":\"PropertyValueSpecification\",\"valueRequired\":true,\"valueName\":\"search_term_string\"}}],\"inLanguage\":\"it-IT\"},{\"@type\":\"Organization\",\"@id\":\"https:\/\/webcapital.biz\/it\/#organization\",\"name\":\"WEB CAPITAL\",\"url\":\"https:\/\/webcapital.biz\/it\/\",\"logo\":{\"@type\":\"ImageObject\",\"inLanguage\":\"it-IT\",\"@id\":\"https:\/\/webcapital.biz\/it\/#\/schema\/logo\/image\/\",\"url\":\"https:\/\/webcapital.biz\/wp-content\/uploads\/2024\/10\/Untitled-design-5.png\",\"contentUrl\":\"https:\/\/webcapital.biz\/wp-content\/uploads\/2024\/10\/Untitled-design-5.png\",\"width\":350,\"height\":100,\"caption\":\"WEB CAPITAL\"},\"image\":{\"@id\":\"https:\/\/webcapital.biz\/it\/#\/schema\/logo\/image\/\"}}]}<\/script>\n<!-- \/ Yoast SEO plugin. -->","yoast_head_json":{"title":"Termini e condizioni - WEB CAPITAL","robots":{"index":"noindex","follow":"follow","max-snippet":"max-snippet:-1","max-image-preview":"max-image-preview:large","max-video-preview":"max-video-preview:-1"},"og_locale":"it_IT","og_type":"article","og_title":"Termini e condizioni - WEB CAPITAL","og_description":"Parte A \u2013 Termini e Condizioni Generali L&#8217;accordo I presenti termini e condizioni stabiliscono i termini in base ai quali forniremo il Servizio P2P di LenderKit e costituiscono il nostro accordo con voi in qualit\u00e0 di Prestatore P2P. Il servizio vi \u00e8 fornito da LenderKit Co-Lend Limited, autorizzata e regolamentata dalla Financial Conduct Authority con [&hellip;]","og_url":"https:\/\/webcapital.biz\/it\/termini-e-condizioni\/","og_site_name":"WEB CAPITAL","article_modified_time":"2025-08-29T08:44:31+00:00","twitter_card":"summary_large_image","twitter_misc":{"Est. reading time":"5 minutes"},"schema":{"@context":"https:\/\/schema.org","@graph":[{"@type":"WebPage","@id":"https:\/\/webcapital.biz\/it\/termini-e-condizioni\/","url":"https:\/\/webcapital.biz\/it\/termini-e-condizioni\/","name":"Termini e condizioni - WEB CAPITAL","isPartOf":{"@id":"https:\/\/webcapital.biz\/it\/#website"},"datePublished":"2024-10-18T07:24:49+00:00","dateModified":"2025-08-29T08:44:31+00:00","breadcrumb":{"@id":"https:\/\/webcapital.biz\/it\/termini-e-condizioni\/#breadcrumb"},"inLanguage":"it-IT","potentialAction":[{"@type":"ReadAction","target":["https:\/\/webcapital.biz\/it\/termini-e-condizioni\/"]}]},{"@type":"BreadcrumbList","@id":"https:\/\/webcapital.biz\/it\/termini-e-condizioni\/#breadcrumb","itemListElement":[{"@type":"ListItem","position":1,"name":"Home","item":"https:\/\/webcapital.biz\/it\/"},{"@type":"ListItem","position":2,"name":"Termini e condizioni"}]},{"@type":"WebSite","@id":"https:\/\/webcapital.biz\/it\/#website","url":"https:\/\/webcapital.biz\/it\/","name":"WEB CAPITAL","description":"","publisher":{"@id":"https:\/\/webcapital.biz\/it\/#organization"},"potentialAction":[{"@type":"SearchAction","target":{"@type":"EntryPoint","urlTemplate":"https:\/\/webcapital.biz\/it\/?s={search_term_string}"},"query-input":{"@type":"PropertyValueSpecification","valueRequired":true,"valueName":"search_term_string"}}],"inLanguage":"it-IT"},{"@type":"Organization","@id":"https:\/\/webcapital.biz\/it\/#organization","name":"WEB CAPITAL","url":"https:\/\/webcapital.biz\/it\/","logo":{"@type":"ImageObject","inLanguage":"it-IT","@id":"https:\/\/webcapital.biz\/it\/#\/schema\/logo\/image\/","url":"https:\/\/webcapital.biz\/wp-content\/uploads\/2024\/10\/Untitled-design-5.png","contentUrl":"https:\/\/webcapital.biz\/wp-content\/uploads\/2024\/10\/Untitled-design-5.png","width":350,"height":100,"caption":"WEB CAPITAL"},"image":{"@id":"https:\/\/webcapital.biz\/it\/#\/schema\/logo\/image\/"}}]}},"_links":{"self":[{"href":"https:\/\/webcapital.biz\/it\/wp-json\/wp\/v2\/pages\/20318","targetHints":{"allow":["GET"]}}],"collection":[{"href":"https:\/\/webcapital.biz\/it\/wp-json\/wp\/v2\/pages"}],"about":[{"href":"https:\/\/webcapital.biz\/it\/wp-json\/wp\/v2\/types\/page"}],"author":[{"embeddable":true,"href":"https:\/\/webcapital.biz\/it\/wp-json\/wp\/v2\/users\/1"}],"replies":[{"embeddable":true,"href":"https:\/\/webcapital.biz\/it\/wp-json\/wp\/v2\/comments?post=20318"}],"version-history":[{"count":1,"href":"https:\/\/webcapital.biz\/it\/wp-json\/wp\/v2\/pages\/20318\/revisions"}],"predecessor-version":[{"id":20319,"href":"https:\/\/webcapital.biz\/it\/wp-json\/wp\/v2\/pages\/20318\/revisions\/20319"}],"wp:attachment":[{"href":"https:\/\/webcapital.biz\/it\/wp-json\/wp\/v2\/media?parent=20318"}],"curies":[{"name":"wp","href":"https:\/\/api.w.org\/{rel}","templated":true}]}}