{"id":20316,"date":"2024-10-18T09:24:39","date_gmt":"2024-10-18T07:24:39","guid":{"rendered":"https:\/\/promokit.ksa.demo.lkdemo.net\/politica-sulla-riservatezza\/"},"modified":"2025-08-29T10:41:08","modified_gmt":"2025-08-29T08:41:08","slug":"politica-sulla-riservatezza","status":"publish","type":"page","link":"https:\/\/webcapital.biz\/it\/politica-sulla-riservatezza\/","title":{"rendered":"Politica sulla riservatezza"},"content":{"rendered":"\n<h2 class=\"wp-block-heading\">Parte A \u2013 Termini e Condizioni Generali<\/h2>\n\n<p>Benvenuti all\u2019informativa sulla privacy di LenderKit (\u201cInformativa sulla privacy\u201d)<\/p>\n\n<p><strong>Questa \u00e8 una DEMO di una pagina di informativa sulla privacy. Tutte le informazioni qui contenute sono inventate e hanno solo scopo rappresentativo. <\/strong><\/p>\n\n<p>LenderKit rispetta la tua privacy e si impegna a fare la cosa giusta quando si tratta di proteggere i tuoi dati personali, incluso il modo in cui raccogliamo, utilizziamo e proteggiamo i tuoi dati personali. La presente Informativa sulla privacy ti informer\u00e0 su come trattiamo i tuoi dati personali quando visiti il \u200b\u200bnostro sito web (indipendentemente da dove lo visiti) e ti informer\u00e0 sui tuoi diritti alla privacy e su come la legge ti protegge.<br\/>In particolare, e in relazione a LenderKit (come definito di seguito), la presente Informativa sulla privacy ha lo scopo di fornirti informazioni su <\/p>\n\n<ul class=\"wp-block-list\">\n<li>i tipi di dati personali che LenderKit raccoglier\u00e0;<\/li>\n\n\n\n<li>perch\u00e9 LenderKit raccoglier\u00e0 e utilizzer\u00e0 i tuoi dati personali;<\/li>\n\n\n\n<li>quando e perch\u00e9 condivideremo i dati personali all&#8217;interno di LenderKit e con altre organizzazioni;<\/li>\n\n\n\n<li>i diritti e le scelte che hai in merito ai tuoi dati personali;<\/li>\n\n\n\n<li>perch\u00e9 e come raccoglie ed elabora i tuoi dati personali attraverso l&#8217;utilizzo del suo sito web, compresi tutti i dati che potresti fornire attraverso il suo sito web quando utilizzi uno qualsiasi dei servizi offerti dalle aziende LenderKit o investi in uno qualsiasi dei loro prodotti e a chiunque altro contatti o invii informazioni a una qualsiasi delle aziende LenderKit.<\/li>\n<\/ul>\n\n<p>Questo sito web non \u00e8 destinato ai minori e non raccogliamo consapevolmente dati relativi a minori.<br\/>\u00c8 importante che tu legga la presente Informativa sulla privacy insieme a qualsiasi altra Informativa sulla privacy o informativa sul corretto trattamento dei dati che potremmo fornirti in occasioni specifiche quando raccogliamo o trattiamo i tuoi dati personali, in modo da essere pienamente consapevole di come e perch\u00e9 utilizziamo i tuoi dati. La presente Informativa sulla privacy integra qualsiasi altra informativa o politica sulla privacy e non intende sostituirla.<br\/>Ti preghiamo di dedicare del tempo alla lettura della presente Informativa sulla privacy. Per qualsiasi domanda sulla presente Informativa sulla privacy o sul nostro utilizzo delle tue informazioni, puoi contattarci all&#8217;indirizzo lenderkit@justcoded.com.<br\/>La presente Informativa sulla privacy pu\u00f2 subire modifiche nel tempo e, in tal caso, la versione aggiornata sar\u00e0 sempre disponibile sui siti web di LenderKit. Ti preghiamo di notare che continuando a utilizzare i siti web di LenderKit, accetti qualsiasi versione aggiornata dell&#8217;Informativa sulla privacy di LenderKit.   <\/p>\n\n<h3 class=\"wp-block-heading\">Link di terze parti<\/h3>\n\n<p>I siti web di LenderKit possono includere link a inserzionisti, affiliati, siti web, plug-in e applicazioni di terze parti. Cliccando su tali link o abilitando tali connessioni, si potrebbe consentire a terze parti di raccogliere o condividere dati su di te. Non controlliamo tali siti web di terze parti e non siamo responsabili delle loro informative, informative o policy sulla privacy. Quando lasci il nostro sito web, ti invitiamo a leggere l&#8217;informativa sulla privacy di ogni sito web che visiti. Decliniamo ogni responsabilit\u00e0 per le informative o le policy sulla privacy presenti sui siti web di terze parti. Ti preghiamo di consultare tali policy prima di inviare dati personali a tali siti web.     <\/p>\n\n<p>\u00c8 importante che i dati personali che conserviamo su di te siano accurati e aggiornati. Ti preghiamo di tenerci informati qualora i tuoi dati personali dovessero cambiare durante il tuo rapporto con noi. <\/p>\n\n<h3 class=\"wp-block-heading\">LenderKit e il Titolare del trattamento dei dati<\/h3>\n\n<h4 class=\"wp-block-heading\">3.1. LenderKit<\/h4>\n\n<p>LenderKit (&#8220;LenderKit&#8221;) \u00e8 composta dalla societ\u00e0 madre, LenderKit Capital Limited (una societ\u00e0 a responsabilit\u00e0 limitata con numero di registrazione aziendale 11223344 e sede legale in Regno Unito 2 Stephen St, Londra, W1T 1AN) insieme a una serie di sussidiarie (come definito nella sezione XXXX del UK Companies Act 2006), divisioni e affiliate con sede nel Regno Unito e all&#8217;estero.<\/p>\n\n<p>La presente Informativa sulla privacy si applica a tutte le societ\u00e0 controllate e affiliate, indipendentemente dalla loro ubicazione o giurisdizione. In particolare, il titolare del trattamento dei dati (come indicato di seguito) \u00e8 una societ\u00e0 controllata da LenderKit Capital Limited. <\/p>\n\n<h4 class=\"wp-block-heading\">3.2. Titolare del trattamento<\/h4>\n\n<p>Il titolare del trattamento dei dati (come definito dal Regolamento europeo sulla protezione dei dati (Regolamento (UE) 2016\/679) (&#8220;GDPR&#8221;) per LenderKit \u00e8 LenderKit Investments Limited. LenderKit Investments Limited \u00e8 registrata come titolare del trattamento dei dati presso l&#8217;Information Commissioner&#8217;s Office (&#8220;ICO&#8221;) del Regno Unito e il nostro numero di registrazione \u00e8 Z1122334. <\/p>\n\n<p>La presente Informativa sulla privacy \u00e8 redatta per conto di LenderKit e l&#8217;entit\u00e0 responsabile del trattamento dei dati per conto di LenderKit \u00e8 LenderKit Investments Limited. Di conseguenza, i termini &#8220;noi&#8221;, &#8220;ci&#8221; o &#8220;nostro&#8221; nella presente Informativa sulla privacy si riferiscono a LenderKit Investments Limited. Laddove non specificamente in relazione agli obblighi del titolare del trattamento dei dati ai sensi del GDPR, i termini &#8220;noi&#8221;, &#8220;ci&#8221; o &#8220;nostro&#8221; possono anche riferirsi a qualsiasi societ\u00e0 controllata, affiliata o divisione di LenderKit.  <\/p>\n\n<p>LenderKit Investments Limited (una sussidiaria di LenderKit Capital Limited) \u00e8 registrata con il numero di registrazione 11223344 e ha sede legale in Regno Unito, 2 Stephen St, Londra, W1T 1AN. Hai il diritto di presentare un reclamo in qualsiasi momento all&#8217;ICO (Autorit\u00e0 di vigilanza britannica per la protezione dei dati personali) (www.ico.org.uk). <\/p>\n\n<p>Tuttavia, apprezzeremmo la possibilit\u00e0 di occuparci delle tue preoccupazioni prima che tu ti rivolga all&#8217;ICO, quindi ti preghiamo di contattarci in prima istanza.<\/p>\n\n<h3 class=\"wp-block-heading\">Perch\u00e9 potremmo raccogliere dati su di te<\/h3>\n\n<p>Esistono numerose ragioni per cui potremmo legittimamente raccogliere ed elaborare i tuoi dati e le tue informazioni personali, tra cui:<\/p>\n\n<ol class=\"wp-block-list\">\n<li>Consenso In situazioni specifiche, possiamo raccogliere ed elaborare i tuoi dati con il tuo consenso.<\/li>\n\n\n\n<li>Obblighi contrattuali Potremmo elaborare le tue informazioni laddove necessario per stipulare un contratto con te per la fornitura dei nostri prodotti o servizi o per adempiere ai nostri obblighi ai sensi di tale contratto o per fornirti consulenza o orientamento in relazione ai nostri prodotti o servizi da noi offerti.<\/li>\n\n\n\n<li>Conformit\u00e0 legale Se la legge o un qualsiasi ente regolatore in una qualsiasi giurisdizione competente ce lo richiede, potremmo dover raccogliere ed elaborare i tuoi dati e anche fornirli a tale ente regolatore<\/li>\n\n\n\n<li>Interesse legittimo Potremmo trattare le tue informazioni nell&#8217;ambito della gestione quotidiana della nostra attivit\u00e0, per gestire i nostri affari commerciali e finanziari e per proteggere i nostri clienti, dipendenti e propriet\u00e0. \u00c8 nel nostro interesse garantire che i nostri processi e sistemi funzionino in modo efficace e che possiamo continuare a operare come azienda. In situazioni specifiche, richiediamo i tuoi dati per perseguire i nostri legittimi interessi in un modo che potrebbe essere ragionevolmente previsto nell&#8217;ambito della gestione della nostra attivit\u00e0 e che non abbia un impatto sostanziale sui tuoi diritti, libert\u00e0 o interessi.  <\/li>\n<\/ol>\n\n<p>Si prega di notare che se non si accetta di fornirci le informazioni richieste, potrebbe non essere possibile per noi continuare a gestire il proprio account e\/o fornirvi prodotti e servizi.<\/p>\n","protected":false},"excerpt":{"rendered":"<p>Parte A \u2013 Termini e Condizioni Generali Benvenuti all\u2019informativa sulla privacy di LenderKit (\u201cInformativa sulla privacy\u201d) Questa \u00e8 una DEMO di una pagina di informativa sulla privacy. Tutte le informazioni qui contenute sono inventate e hanno solo scopo rappresentativo. LenderKit rispetta la tua privacy e si impegna a fare la cosa giusta quando si tratta [&hellip;]<\/p>\n","protected":false},"author":1,"featured_media":0,"parent":0,"menu_order":0,"comment_status":"closed","ping_status":"closed","template":"","meta":{"footnotes":""},"class_list":["post-20316","page","type-page","status-publish","hentry"],"yoast_head":"<!-- This site is optimized with the Yoast SEO plugin v25.9 - https:\/\/yoast.com\/wordpress\/plugins\/seo\/ -->\n<title>Politica sulla riservatezza - WEB CAPITAL<\/title>\n<meta name=\"robots\" content=\"noindex, follow, max-snippet:-1, max-image-preview:large, max-video-preview:-1\" \/>\n<meta property=\"og:locale\" content=\"it_IT\" \/>\n<meta property=\"og:type\" content=\"article\" \/>\n<meta property=\"og:title\" content=\"Politica sulla riservatezza - WEB CAPITAL\" \/>\n<meta property=\"og:description\" content=\"Parte A \u2013 Termini e Condizioni Generali Benvenuti all\u2019informativa sulla privacy di LenderKit (\u201cInformativa sulla privacy\u201d) Questa \u00e8 una DEMO di una pagina di informativa sulla privacy. Tutte le informazioni qui contenute sono inventate e hanno solo scopo rappresentativo. LenderKit rispetta la tua privacy e si impegna a fare la cosa giusta quando si tratta [&hellip;]\" \/>\n<meta property=\"og:url\" content=\"https:\/\/webcapital.biz\/it\/politica-sulla-riservatezza\/\" \/>\n<meta property=\"og:site_name\" content=\"WEB CAPITAL\" \/>\n<meta property=\"article:modified_time\" content=\"2025-08-29T08:41:08+00:00\" \/>\n<meta name=\"twitter:card\" content=\"summary_large_image\" \/>\n<meta name=\"twitter:label1\" content=\"Est. reading time\" \/>\n\t<meta name=\"twitter:data1\" content=\"6 minutes\" \/>\n<script type=\"application\/ld+json\" class=\"yoast-schema-graph\">{\"@context\":\"https:\/\/schema.org\",\"@graph\":[{\"@type\":\"WebPage\",\"@id\":\"https:\/\/webcapital.biz\/it\/politica-sulla-riservatezza\/\",\"url\":\"https:\/\/webcapital.biz\/it\/politica-sulla-riservatezza\/\",\"name\":\"Politica sulla riservatezza - WEB CAPITAL\",\"isPartOf\":{\"@id\":\"https:\/\/webcapital.biz\/it\/#website\"},\"datePublished\":\"2024-10-18T07:24:39+00:00\",\"dateModified\":\"2025-08-29T08:41:08+00:00\",\"breadcrumb\":{\"@id\":\"https:\/\/webcapital.biz\/it\/politica-sulla-riservatezza\/#breadcrumb\"},\"inLanguage\":\"it-IT\",\"potentialAction\":[{\"@type\":\"ReadAction\",\"target\":[\"https:\/\/webcapital.biz\/it\/politica-sulla-riservatezza\/\"]}]},{\"@type\":\"BreadcrumbList\",\"@id\":\"https:\/\/webcapital.biz\/it\/politica-sulla-riservatezza\/#breadcrumb\",\"itemListElement\":[{\"@type\":\"ListItem\",\"position\":1,\"name\":\"Home\",\"item\":\"https:\/\/webcapital.biz\/it\/\"},{\"@type\":\"ListItem\",\"position\":2,\"name\":\"Politica sulla riservatezza\"}]},{\"@type\":\"WebSite\",\"@id\":\"https:\/\/webcapital.biz\/it\/#website\",\"url\":\"https:\/\/webcapital.biz\/it\/\",\"name\":\"WEB CAPITAL\",\"description\":\"\",\"publisher\":{\"@id\":\"https:\/\/webcapital.biz\/it\/#organization\"},\"potentialAction\":[{\"@type\":\"SearchAction\",\"target\":{\"@type\":\"EntryPoint\",\"urlTemplate\":\"https:\/\/webcapital.biz\/it\/?s={search_term_string}\"},\"query-input\":{\"@type\":\"PropertyValueSpecification\",\"valueRequired\":true,\"valueName\":\"search_term_string\"}}],\"inLanguage\":\"it-IT\"},{\"@type\":\"Organization\",\"@id\":\"https:\/\/webcapital.biz\/it\/#organization\",\"name\":\"WEB CAPITAL\",\"url\":\"https:\/\/webcapital.biz\/it\/\",\"logo\":{\"@type\":\"ImageObject\",\"inLanguage\":\"it-IT\",\"@id\":\"https:\/\/webcapital.biz\/it\/#\/schema\/logo\/image\/\",\"url\":\"https:\/\/webcapital.biz\/wp-content\/uploads\/2024\/10\/Untitled-design-5.png\",\"contentUrl\":\"https:\/\/webcapital.biz\/wp-content\/uploads\/2024\/10\/Untitled-design-5.png\",\"width\":350,\"height\":100,\"caption\":\"WEB CAPITAL\"},\"image\":{\"@id\":\"https:\/\/webcapital.biz\/it\/#\/schema\/logo\/image\/\"}}]}<\/script>\n<!-- \/ Yoast SEO plugin. -->","yoast_head_json":{"title":"Politica sulla riservatezza - WEB CAPITAL","robots":{"index":"noindex","follow":"follow","max-snippet":"max-snippet:-1","max-image-preview":"max-image-preview:large","max-video-preview":"max-video-preview:-1"},"og_locale":"it_IT","og_type":"article","og_title":"Politica sulla riservatezza - WEB CAPITAL","og_description":"Parte A \u2013 Termini e Condizioni Generali Benvenuti all\u2019informativa sulla privacy di LenderKit (\u201cInformativa sulla privacy\u201d) Questa \u00e8 una DEMO di una pagina di informativa sulla privacy. Tutte le informazioni qui contenute sono inventate e hanno solo scopo rappresentativo. LenderKit rispetta la tua privacy e si impegna a fare la cosa giusta quando si tratta [&hellip;]","og_url":"https:\/\/webcapital.biz\/it\/politica-sulla-riservatezza\/","og_site_name":"WEB CAPITAL","article_modified_time":"2025-08-29T08:41:08+00:00","twitter_card":"summary_large_image","twitter_misc":{"Est. reading time":"6 minutes"},"schema":{"@context":"https:\/\/schema.org","@graph":[{"@type":"WebPage","@id":"https:\/\/webcapital.biz\/it\/politica-sulla-riservatezza\/","url":"https:\/\/webcapital.biz\/it\/politica-sulla-riservatezza\/","name":"Politica sulla riservatezza - WEB CAPITAL","isPartOf":{"@id":"https:\/\/webcapital.biz\/it\/#website"},"datePublished":"2024-10-18T07:24:39+00:00","dateModified":"2025-08-29T08:41:08+00:00","breadcrumb":{"@id":"https:\/\/webcapital.biz\/it\/politica-sulla-riservatezza\/#breadcrumb"},"inLanguage":"it-IT","potentialAction":[{"@type":"ReadAction","target":["https:\/\/webcapital.biz\/it\/politica-sulla-riservatezza\/"]}]},{"@type":"BreadcrumbList","@id":"https:\/\/webcapital.biz\/it\/politica-sulla-riservatezza\/#breadcrumb","itemListElement":[{"@type":"ListItem","position":1,"name":"Home","item":"https:\/\/webcapital.biz\/it\/"},{"@type":"ListItem","position":2,"name":"Politica sulla riservatezza"}]},{"@type":"WebSite","@id":"https:\/\/webcapital.biz\/it\/#website","url":"https:\/\/webcapital.biz\/it\/","name":"WEB CAPITAL","description":"","publisher":{"@id":"https:\/\/webcapital.biz\/it\/#organization"},"potentialAction":[{"@type":"SearchAction","target":{"@type":"EntryPoint","urlTemplate":"https:\/\/webcapital.biz\/it\/?s={search_term_string}"},"query-input":{"@type":"PropertyValueSpecification","valueRequired":true,"valueName":"search_term_string"}}],"inLanguage":"it-IT"},{"@type":"Organization","@id":"https:\/\/webcapital.biz\/it\/#organization","name":"WEB CAPITAL","url":"https:\/\/webcapital.biz\/it\/","logo":{"@type":"ImageObject","inLanguage":"it-IT","@id":"https:\/\/webcapital.biz\/it\/#\/schema\/logo\/image\/","url":"https:\/\/webcapital.biz\/wp-content\/uploads\/2024\/10\/Untitled-design-5.png","contentUrl":"https:\/\/webcapital.biz\/wp-content\/uploads\/2024\/10\/Untitled-design-5.png","width":350,"height":100,"caption":"WEB CAPITAL"},"image":{"@id":"https:\/\/webcapital.biz\/it\/#\/schema\/logo\/image\/"}}]}},"_links":{"self":[{"href":"https:\/\/webcapital.biz\/it\/wp-json\/wp\/v2\/pages\/20316","targetHints":{"allow":["GET"]}}],"collection":[{"href":"https:\/\/webcapital.biz\/it\/wp-json\/wp\/v2\/pages"}],"about":[{"href":"https:\/\/webcapital.biz\/it\/wp-json\/wp\/v2\/types\/page"}],"author":[{"embeddable":true,"href":"https:\/\/webcapital.biz\/it\/wp-json\/wp\/v2\/users\/1"}],"replies":[{"embeddable":true,"href":"https:\/\/webcapital.biz\/it\/wp-json\/wp\/v2\/comments?post=20316"}],"version-history":[{"count":1,"href":"https:\/\/webcapital.biz\/it\/wp-json\/wp\/v2\/pages\/20316\/revisions"}],"predecessor-version":[{"id":20317,"href":"https:\/\/webcapital.biz\/it\/wp-json\/wp\/v2\/pages\/20316\/revisions\/20317"}],"wp:attachment":[{"href":"https:\/\/webcapital.biz\/it\/wp-json\/wp\/v2\/media?parent=20316"}],"curies":[{"name":"wp","href":"https:\/\/api.w.org\/{rel}","templated":true}]}}