{"id":20071,"date":"2024-10-18T09:24:49","date_gmt":"2024-10-18T07:24:49","guid":{"rendered":"https:\/\/promokit.ksa.demo.lkdemo.net\/conditions-generales\/"},"modified":"2025-08-28T16:00:38","modified_gmt":"2025-08-28T14:00:38","slug":"conditions-generales","status":"publish","type":"page","link":"https:\/\/webcapital.biz\/fr\/conditions-generales\/","title":{"rendered":"Conditions g\u00e9n\u00e9rales"},"content":{"rendered":"\n<h2 class=\"wp-block-heading\">Partie A \u2013 Conditions g\u00e9n\u00e9rales<\/h2>\n\n<h3 class=\"wp-block-heading\">L&#8217;accord<\/h3>\n\n<p>Les pr\u00e9sentes conditions g\u00e9n\u00e9rales d\u00e9finissent les conditions de fourniture du service P2P LenderKit et constituent notre accord avec vous en tant que pr\u00eateur P2P. Ce service vous est fourni par LenderKit Co-Lend Limited, soci\u00e9t\u00e9 agr\u00e9\u00e9e et r\u00e9glement\u00e9e par la Financial Conduct Authority (FCA) sous le num\u00e9ro de r\u00e9f\u00e9rence 722801. <\/p>\n\n<p>Si vous souhaitez utiliser le service P2P LenderKit en tant que pr\u00eateur P2P, vous devez respecter ces termes et conditions.<\/p>\n\n<p>Les termes en majuscules auront la signification indiqu\u00e9e dans le glossaire \u00e0 la fin.<\/p>\n\n<h3 class=\"wp-block-heading\">Comment devenir un pr\u00eateur P2P LenderKit<\/h3>\n\n<p>Vous devez vous inscrire en tant que pr\u00eateur P2P LenderKit en remplissant une demande de pr\u00eat sur le site web afin de cr\u00e9er votre compte en ligne. Nous vous autorisons \u00e9galement \u00e0 remplir une demande de pr\u00eat au format papier. Si vous le souhaitez, vous pouvez demander l&#8217;envoi d&#8217;un formulaire papier via le site web. L&#8217;utilisation des donn\u00e9es personnelles que vous fournissez lors de votre inscription et de votre investissement est soumise aux conditions de notre Politique de confidentialit\u00e9 et \u00e0 la clause [26].   <\/p>\n\n<p>Vous pouvez utiliser l&#8217;Application Pr\u00eateur pour pr\u00eater de l&#8217;argent via le service P2P LenderKit pour la premi\u00e8re fois ou via un compte en ligne existant. L&#8217;investissement minimum et le solde minimum de votre compte en esp\u00e8ces et en capital emprunt\u00e9 sont de 10 \u00a3. Si votre compte descend en dessous de ce seuil, nous pouvons, \u00e0 notre discr\u00e9tion, le cl\u00f4turer et vous reverser le produit.  <\/p>\n\n<p>Si vous ne nous avez pas fourni de compte d\u00e9sign\u00e9 valide sur lequel ces fonds doivent \u00eatre vers\u00e9s et que nous ne parvenons pas \u00e0 vous contacter dans un d\u00e9lai de 28 jours, nous pourrons reverser ces soldes \u00e0 l&#8217;organisme de bienfaisance de notre choix (\u00e0 condition que votre compte soit inactif depuis au moins 6 ans). Nous pourrons augmenter le solde minimum du compte \u00e0 tout moment, moyennant un pr\u00e9avis \u00e9crit d&#8217;un mois. <\/p>\n\n<p>Votre demande de pr\u00eat nous fournira les d\u00e9tails du portefeuille P2P que vous souhaitez que nous constituions pour vous. Si nous acceptons votre demande, nous vous communiquerons les d\u00e9tails de votre compte en ligne. <\/p>\n\n<p>Vous devez nous fournir les coordonn\u00e9es bancaires du compte \u00e0 partir duquel vous souhaitez effectuer et recevoir des paiements (votre Compte Bancaire Nomin\u00e9). Ce compte doit \u00eatre au m\u00eame nom que la personne inscrite aupr\u00e8s de nous et \u00eatre d\u00e9tenu aupr\u00e8s d&#8217;une banque ou d&#8217;une soci\u00e9t\u00e9 de cr\u00e9dit immobilier (\u00e9tablissement de cr\u00e9dit) que nous acceptons. Nous pouvons accepter ou refuser les demandes de cr\u00e9ation de Compte en ligne \u00e0 notre enti\u00e8re discr\u00e9tion.  <\/p>\n\n<p>Vous souhaitez ajouter des fonds \u00e0 votre portefeuille P2P, vendre tout ou partie de votre portefeuille P2P ou nous demander de transf\u00e9rer de l&#8217;argent entre votre compte client LenderKit et votre compte bancaire d\u00e9sign\u00e9, vous pouvez le faire via votre compte en ligne.<\/p>\n\n<p>Vous pouvez d\u00e9signer toute partie de l&#8217;argent liquide ou du capital de pr\u00eat sur votre compte comme \u00e9tant d\u00e9tenue sur le compte au nom d&#8217;une personne de moins de 18 ans. Tout argent liquide ou capital de pr\u00eat d\u00e9sign\u00e9 de cette mani\u00e8re reste votre propri\u00e9t\u00e9 et ne devient pas la propri\u00e9t\u00e9 de la personne pour laquelle il est d\u00e9tenu. <\/p>\n\n<h3 class=\"wp-block-heading\">Les services<\/h3>\n\n<p>Le service P2P de LenderKit est un service de gestion discr\u00e9tionnaire de portefeuille de pr\u00eats qui vous permet de consulter la r\u00e9partition de vos liquidit\u00e9s et investissements d\u00e9tenus sur la plateforme. Le site web et les pr\u00e9sentes conditions g\u00e9n\u00e9rales d\u00e9crivent les modalit\u00e9s selon lesquelles LenderKit Co-Lend peut ajouter et supprimer des pr\u00eats P2P \u00e0 votre portefeuille P2P \u00e0 tout moment. En acceptant ces conditions g\u00e9n\u00e9rales, vous autorisez LenderKit \u00e0 effectuer des transactions de pr\u00eats P2P sur cette base, en tant que votre agent.<br\/>Vos fonds serviront \u00e0 financer des pr\u00eats P2P individuels, qui vous seront transf\u00e9r\u00e9s et conserv\u00e9s dans votre portefeuille P2P. Nous prenons des mesures pour assurer la diversification, comme indiqu\u00e9 dans les pr\u00e9sentes conditions g\u00e9n\u00e9rales.  <\/p>\n\n<p>Dans le cadre du service P2P de LenderKit, nous g\u00e9rerons votre portefeuille P2P de mani\u00e8re discr\u00e9tionnaire, y compris la r\u00e9affectation de vos pr\u00eats et donc la diversification de votre portefeuille comme bon nous semble afin de vous donner une exposition \u00e0 une gamme d&#8217;emprunteurs \u00e0 mesure que de nouvelles opportunit\u00e9s se pr\u00e9sentent.<\/p>\n\n<h3 class=\"wp-block-heading\">Financer votre compte en ligne<\/h3>\n\n<p>Vous pourrez alimenter votre portefeuille P2P par virement \u00e9lectronique, paiement par carte de d\u00e9bit ou pr\u00e9l\u00e8vement automatique lors de la cr\u00e9ation de votre compte en ligne. Vous nous autorisez ainsi \u00e0 envoyer des instructions \u00e0 l&#8217;\u00e9tablissement financier \u00e9metteur de votre carte pour pr\u00e9lever des fonds sur votre compte, conform\u00e9ment aux pr\u00e9sentes conditions g\u00e9n\u00e9rales. Vous pouvez \u00e0 tout moment mettre \u00e0 jour vos pr\u00e9f\u00e9rences de compte en ligne concernant les liquidit\u00e9s non investies. Si vous souhaitez alimenter un portefeuille P2P existant, nous appliquerons les m\u00eames crit\u00e8res de diversification \u00e0 l&#8217;ensemble du portefeuille. Le taux personnel obtenu peut toutefois \u00e9voluer au fil du temps en fonction des conditions de march\u00e9 et de l&#8217;\u00e9volution du taux cible, comme d\u00e9crit \u00e0 la clause [12]. Nous pouvons \u00e9galement accepter que vous alimentiez votre portefeuille P2P par ch\u00e8que. Cependant, nous ne reconna\u00eetrons ces paiements qu&#8217;une fois les fonds int\u00e9gralement cr\u00e9dit\u00e9s sur votre compte client LenderKit. Veuillez nous contacter par t\u00e9l\u00e9phone au 0800 294 6848 ou par e-mail \u00e0 support@LenderKitchoice.com si vous souhaitez alimenter votre portefeuille P2P par ch\u00e8que.<\/p>\n\n<h3 class=\"wp-block-heading\">R\u00e9investissement des int\u00e9r\u00eats<\/h3>\n\n<p>Sauf si vous d\u00e9sactivez l&#8217;option \u00ab R\u00e9investir vos int\u00e9r\u00eats ? \u00bb via votre compte en ligne, nous r\u00e9investirons automatiquement les int\u00e9r\u00eats dans de nouveaux pr\u00eats P2P, qui seront conserv\u00e9s dans votre portefeuille P2P, de la m\u00eame mani\u00e8re que les nouveaux fonds ajout\u00e9s conform\u00e9ment \u00e0 la clause [4] ci-dessus. Si vous pr\u00e9f\u00e9rez percevoir des int\u00e9r\u00eats, vous devrez d\u00e9sactiver l&#8217;option \u00ab R\u00e9investir vos int\u00e9r\u00eats ? \u00bb. Une fois les int\u00e9r\u00eats per\u00e7us, ils seront automatiquement vers\u00e9s mensuellement sur votre compte bancaire d\u00e9sign\u00e9. <\/p>\n","protected":false},"excerpt":{"rendered":"<p>Partie A \u2013 Conditions g\u00e9n\u00e9rales L&#8217;accord Les pr\u00e9sentes conditions g\u00e9n\u00e9rales d\u00e9finissent les conditions de fourniture du service P2P LenderKit et constituent notre accord avec vous en tant que pr\u00eateur P2P. Ce service vous est fourni par LenderKit Co-Lend Limited, soci\u00e9t\u00e9 agr\u00e9\u00e9e et r\u00e9glement\u00e9e par la Financial Conduct Authority (FCA) sous le num\u00e9ro de r\u00e9f\u00e9rence 722801. [&hellip;]<\/p>\n","protected":false},"author":1,"featured_media":0,"parent":0,"menu_order":0,"comment_status":"closed","ping_status":"closed","template":"","meta":{"footnotes":""},"class_list":["post-20071","page","type-page","status-publish","hentry"],"yoast_head":"<!-- This site is optimized with the Yoast SEO plugin v25.9 - https:\/\/yoast.com\/wordpress\/plugins\/seo\/ -->\n<title>Conditions g\u00e9n\u00e9rales - WEB CAPITAL<\/title>\n<meta name=\"robots\" content=\"noindex, follow, max-snippet:-1, max-image-preview:large, max-video-preview:-1\" \/>\n<meta property=\"og:locale\" content=\"fr_FR\" \/>\n<meta property=\"og:type\" content=\"article\" \/>\n<meta property=\"og:title\" content=\"Conditions g\u00e9n\u00e9rales - WEB CAPITAL\" \/>\n<meta property=\"og:description\" content=\"Partie A \u2013 Conditions g\u00e9n\u00e9rales L&#8217;accord Les pr\u00e9sentes conditions g\u00e9n\u00e9rales d\u00e9finissent les conditions de fourniture du service P2P LenderKit et constituent notre accord avec vous en tant que pr\u00eateur P2P. Ce service vous est fourni par LenderKit Co-Lend Limited, soci\u00e9t\u00e9 agr\u00e9\u00e9e et r\u00e9glement\u00e9e par la Financial Conduct Authority (FCA) sous le num\u00e9ro de r\u00e9f\u00e9rence 722801. [&hellip;]\" \/>\n<meta property=\"og:url\" content=\"https:\/\/webcapital.biz\/fr\/conditions-generales\/\" \/>\n<meta property=\"og:site_name\" content=\"WEB CAPITAL\" \/>\n<meta property=\"article:modified_time\" content=\"2025-08-28T14:00:38+00:00\" \/>\n<meta name=\"twitter:card\" content=\"summary_large_image\" \/>\n<meta name=\"twitter:label1\" content=\"Est. reading time\" \/>\n\t<meta name=\"twitter:data1\" content=\"5 minutes\" \/>\n<script type=\"application\/ld+json\" class=\"yoast-schema-graph\">{\"@context\":\"https:\/\/schema.org\",\"@graph\":[{\"@type\":\"WebPage\",\"@id\":\"https:\/\/webcapital.biz\/fr\/conditions-generales\/\",\"url\":\"https:\/\/webcapital.biz\/fr\/conditions-generales\/\",\"name\":\"Conditions g\u00e9n\u00e9rales - WEB CAPITAL\",\"isPartOf\":{\"@id\":\"https:\/\/webcapital.biz\/fr\/#website\"},\"datePublished\":\"2024-10-18T07:24:49+00:00\",\"dateModified\":\"2025-08-28T14:00:38+00:00\",\"breadcrumb\":{\"@id\":\"https:\/\/webcapital.biz\/fr\/conditions-generales\/#breadcrumb\"},\"inLanguage\":\"fr-FR\",\"potentialAction\":[{\"@type\":\"ReadAction\",\"target\":[\"https:\/\/webcapital.biz\/fr\/conditions-generales\/\"]}]},{\"@type\":\"BreadcrumbList\",\"@id\":\"https:\/\/webcapital.biz\/fr\/conditions-generales\/#breadcrumb\",\"itemListElement\":[{\"@type\":\"ListItem\",\"position\":1,\"name\":\"Home\",\"item\":\"https:\/\/webcapital.biz\/fr\/\"},{\"@type\":\"ListItem\",\"position\":2,\"name\":\"Conditions g\u00e9n\u00e9rales\"}]},{\"@type\":\"WebSite\",\"@id\":\"https:\/\/webcapital.biz\/fr\/#website\",\"url\":\"https:\/\/webcapital.biz\/fr\/\",\"name\":\"WEB CAPITAL\",\"description\":\"\",\"publisher\":{\"@id\":\"https:\/\/webcapital.biz\/fr\/#organization\"},\"potentialAction\":[{\"@type\":\"SearchAction\",\"target\":{\"@type\":\"EntryPoint\",\"urlTemplate\":\"https:\/\/webcapital.biz\/fr\/?s={search_term_string}\"},\"query-input\":{\"@type\":\"PropertyValueSpecification\",\"valueRequired\":true,\"valueName\":\"search_term_string\"}}],\"inLanguage\":\"fr-FR\"},{\"@type\":\"Organization\",\"@id\":\"https:\/\/webcapital.biz\/fr\/#organization\",\"name\":\"WEB CAPITAL\",\"url\":\"https:\/\/webcapital.biz\/fr\/\",\"logo\":{\"@type\":\"ImageObject\",\"inLanguage\":\"fr-FR\",\"@id\":\"https:\/\/webcapital.biz\/fr\/#\/schema\/logo\/image\/\",\"url\":\"https:\/\/webcapital.biz\/wp-content\/uploads\/2024\/10\/Untitled-design-5.png\",\"contentUrl\":\"https:\/\/webcapital.biz\/wp-content\/uploads\/2024\/10\/Untitled-design-5.png\",\"width\":350,\"height\":100,\"caption\":\"WEB CAPITAL\"},\"image\":{\"@id\":\"https:\/\/webcapital.biz\/fr\/#\/schema\/logo\/image\/\"}}]}<\/script>\n<!-- \/ Yoast SEO plugin. -->","yoast_head_json":{"title":"Conditions g\u00e9n\u00e9rales - WEB CAPITAL","robots":{"index":"noindex","follow":"follow","max-snippet":"max-snippet:-1","max-image-preview":"max-image-preview:large","max-video-preview":"max-video-preview:-1"},"og_locale":"fr_FR","og_type":"article","og_title":"Conditions g\u00e9n\u00e9rales - WEB CAPITAL","og_description":"Partie A \u2013 Conditions g\u00e9n\u00e9rales L&#8217;accord Les pr\u00e9sentes conditions g\u00e9n\u00e9rales d\u00e9finissent les conditions de fourniture du service P2P LenderKit et constituent notre accord avec vous en tant que pr\u00eateur P2P. Ce service vous est fourni par LenderKit Co-Lend Limited, soci\u00e9t\u00e9 agr\u00e9\u00e9e et r\u00e9glement\u00e9e par la Financial Conduct Authority (FCA) sous le num\u00e9ro de r\u00e9f\u00e9rence 722801. [&hellip;]","og_url":"https:\/\/webcapital.biz\/fr\/conditions-generales\/","og_site_name":"WEB CAPITAL","article_modified_time":"2025-08-28T14:00:38+00:00","twitter_card":"summary_large_image","twitter_misc":{"Est. reading time":"5 minutes"},"schema":{"@context":"https:\/\/schema.org","@graph":[{"@type":"WebPage","@id":"https:\/\/webcapital.biz\/fr\/conditions-generales\/","url":"https:\/\/webcapital.biz\/fr\/conditions-generales\/","name":"Conditions g\u00e9n\u00e9rales - WEB CAPITAL","isPartOf":{"@id":"https:\/\/webcapital.biz\/fr\/#website"},"datePublished":"2024-10-18T07:24:49+00:00","dateModified":"2025-08-28T14:00:38+00:00","breadcrumb":{"@id":"https:\/\/webcapital.biz\/fr\/conditions-generales\/#breadcrumb"},"inLanguage":"fr-FR","potentialAction":[{"@type":"ReadAction","target":["https:\/\/webcapital.biz\/fr\/conditions-generales\/"]}]},{"@type":"BreadcrumbList","@id":"https:\/\/webcapital.biz\/fr\/conditions-generales\/#breadcrumb","itemListElement":[{"@type":"ListItem","position":1,"name":"Home","item":"https:\/\/webcapital.biz\/fr\/"},{"@type":"ListItem","position":2,"name":"Conditions g\u00e9n\u00e9rales"}]},{"@type":"WebSite","@id":"https:\/\/webcapital.biz\/fr\/#website","url":"https:\/\/webcapital.biz\/fr\/","name":"WEB CAPITAL","description":"","publisher":{"@id":"https:\/\/webcapital.biz\/fr\/#organization"},"potentialAction":[{"@type":"SearchAction","target":{"@type":"EntryPoint","urlTemplate":"https:\/\/webcapital.biz\/fr\/?s={search_term_string}"},"query-input":{"@type":"PropertyValueSpecification","valueRequired":true,"valueName":"search_term_string"}}],"inLanguage":"fr-FR"},{"@type":"Organization","@id":"https:\/\/webcapital.biz\/fr\/#organization","name":"WEB CAPITAL","url":"https:\/\/webcapital.biz\/fr\/","logo":{"@type":"ImageObject","inLanguage":"fr-FR","@id":"https:\/\/webcapital.biz\/fr\/#\/schema\/logo\/image\/","url":"https:\/\/webcapital.biz\/wp-content\/uploads\/2024\/10\/Untitled-design-5.png","contentUrl":"https:\/\/webcapital.biz\/wp-content\/uploads\/2024\/10\/Untitled-design-5.png","width":350,"height":100,"caption":"WEB CAPITAL"},"image":{"@id":"https:\/\/webcapital.biz\/fr\/#\/schema\/logo\/image\/"}}]}},"_links":{"self":[{"href":"https:\/\/webcapital.biz\/fr\/wp-json\/wp\/v2\/pages\/20071","targetHints":{"allow":["GET"]}}],"collection":[{"href":"https:\/\/webcapital.biz\/fr\/wp-json\/wp\/v2\/pages"}],"about":[{"href":"https:\/\/webcapital.biz\/fr\/wp-json\/wp\/v2\/types\/page"}],"author":[{"embeddable":true,"href":"https:\/\/webcapital.biz\/fr\/wp-json\/wp\/v2\/users\/1"}],"replies":[{"embeddable":true,"href":"https:\/\/webcapital.biz\/fr\/wp-json\/wp\/v2\/comments?post=20071"}],"version-history":[{"count":1,"href":"https:\/\/webcapital.biz\/fr\/wp-json\/wp\/v2\/pages\/20071\/revisions"}],"predecessor-version":[{"id":20072,"href":"https:\/\/webcapital.biz\/fr\/wp-json\/wp\/v2\/pages\/20071\/revisions\/20072"}],"wp:attachment":[{"href":"https:\/\/webcapital.biz\/fr\/wp-json\/wp\/v2\/media?parent=20071"}],"curies":[{"name":"wp","href":"https:\/\/api.w.org\/{rel}","templated":true}]}}