{"id":20069,"date":"2024-10-18T09:24:39","date_gmt":"2024-10-18T07:24:39","guid":{"rendered":"https:\/\/promokit.ksa.demo.lkdemo.net\/politique-de-confidentialite\/"},"modified":"2025-08-28T15:55:27","modified_gmt":"2025-08-28T13:55:27","slug":"politique-de-confidentialite","status":"publish","type":"page","link":"https:\/\/webcapital.biz\/fr\/politique-de-confidentialite\/","title":{"rendered":"Politique de confidentialit\u00e9"},"content":{"rendered":"\n<h2 class=\"wp-block-heading\">Partie A \u2013 Conditions g\u00e9n\u00e9rales<\/h2>\n\n<p>Bienvenue sur la politique de confidentialit\u00e9 de LenderKit (\u00ab Politique de confidentialit\u00e9 \u00bb)<\/p>\n\n<p><strong>Ceci est une d\u00e9monstration d&#8217;une page de politique de confidentialit\u00e9. Toutes les informations ici sont invent\u00e9es et fournies \u00e0 titre indicatif uniquement. <\/strong><\/p>\n\n<p>LenderKit respecte votre vie priv\u00e9e et s&#8217;engage \u00e0 prendre les mesures n\u00e9cessaires pour prot\u00e9ger vos donn\u00e9es personnelles, notamment en ce qui concerne la collecte, l&#8217;utilisation et la protection de vos donn\u00e9es personnelles. Cette Politique de confidentialit\u00e9 vous informe de la mani\u00e8re dont nous traitons vos donn\u00e9es personnelles lorsque vous visitez notre site web (quel que soit votre emplacement d&#8217;origine) et vous informe de vos droits en mati\u00e8re de confidentialit\u00e9 et de la protection que la loi vous offre.<br\/>Plus pr\u00e9cis\u00e9ment, et en ce qui concerne LenderKit (tel que d\u00e9fini ci-dessous), cette Politique de confidentialit\u00e9 vise \u00e0 vous informer sur <\/p>\n\n<ul class=\"wp-block-list\">\n<li>les types de donn\u00e9es personnelles que LenderKit collectera;<\/li>\n\n\n\n<li>pourquoi LenderKit collectera et utilisera vos donn\u00e9es personnelles;<\/li>\n\n\n\n<li>quand et pourquoi nous partagerons des donn\u00e9es personnelles au sein du LenderKit et avec d&#8217;autres organisations;<\/li>\n\n\n\n<li>les droits et les choix dont vous disposez en ce qui concerne vos donn\u00e9es personnelles;<\/li>\n\n\n\n<li>pourquoi et comment il collecte et traite vos donn\u00e9es personnelles via votre utilisation de son site Web, y compris toutes les donn\u00e9es que vous pouvez fournir via son site Web lorsque vous utilisez l&#8217;un des services des soci\u00e9t\u00e9s LenderKit ou investissez dans l&#8217;un de leurs produits et \u00e0 toute autre personne qui contacte ou soumet d&#8217;une autre mani\u00e8re des informations \u00e0 l&#8217;une des soci\u00e9t\u00e9s LenderKit.<\/li>\n<\/ul>\n\n<p>Ce site web n&#8217;est pas destin\u00e9 aux enfants et nous ne collectons pas sciemment de donn\u00e9es les concernant.<br\/>Il est important que vous lisiez la pr\u00e9sente Politique de confidentialit\u00e9 ainsi que toute autre Politique de confidentialit\u00e9 ou avis de traitement \u00e9quitable que nous pourrions publier lors de la collecte ou du traitement de vos donn\u00e9es personnelles, afin de comprendre comment et pourquoi nous les utilisons. La pr\u00e9sente Politique de confidentialit\u00e9 compl\u00e8te toute autre politique ou avis de confidentialit\u00e9 et n&#8217;a pas vocation \u00e0 les remplacer.<br\/>Veuillez prendre le temps de lire la pr\u00e9sente Politique de confidentialit\u00e9. Pour toute question concernant la pr\u00e9sente Politique de confidentialit\u00e9 ou l&#8217;utilisation de vos informations, vous pouvez nous contacter \u00e0 l&#8217;adresse lenderkit@justcoded.com.<br\/>La pr\u00e9sente Politique de confidentialit\u00e9 est susceptible d&#8217;\u00eatre modifi\u00e9e. Dans ce cas, la version la plus r\u00e9cente sera toujours disponible sur les sites web de LenderKit. Veuillez noter qu&#8217;en continuant \u00e0 utiliser les sites web de LenderKit, vous acceptez les mises \u00e0 jour de la Politique de confidentialit\u00e9 de LenderKit.   <\/p>\n\n<h3 class=\"wp-block-heading\">Liens tiers<\/h3>\n\n<p>Les sites web de LenderKit peuvent inclure des liens vers des annonceurs, des soci\u00e9t\u00e9s affili\u00e9es, des sites web, des plug-ins et des applications tiers. Cliquer sur ces liens ou activer ces connexions peut permettre \u00e0 des tiers de collecter ou de partager des donn\u00e9es vous concernant. Nous ne contr\u00f4lons pas ces sites web tiers et ne sommes pas responsables de leurs d\u00e9clarations, avis ou politiques de confidentialit\u00e9. Lorsque vous quittez notre site web, nous vous encourageons \u00e0 lire la politique de confidentialit\u00e9 de chaque site web que vous consultez. Nous d\u00e9clinons toute responsabilit\u00e9 quant aux politiques ou avis de confidentialit\u00e9 des sites web tiers. Veuillez consulter ces politiques avant de soumettre des donn\u00e9es personnelles \u00e0 ces sites web.     <\/p>\n\n<p>Il est important que les donn\u00e9es personnelles que nous d\u00e9tenons \u00e0 votre sujet soient exactes et \u00e0 jour. Veuillez nous informer de tout changement de vos donn\u00e9es personnelles au cours de votre relation avec nous. <\/p>\n\n<h3 class=\"wp-block-heading\">LenderKit et le responsable du traitement des donn\u00e9es<\/h3>\n\n<h4 class=\"wp-block-heading\">3.1. LenderKit<\/h4>\n\n<p>LenderKit (\u00ab LenderKit \u00bb) se compose de la soci\u00e9t\u00e9 m\u00e8re, LenderKit Capital Limited (une soci\u00e9t\u00e9 priv\u00e9e \u00e0 responsabilit\u00e9 limit\u00e9e immatricul\u00e9e sous le num\u00e9ro 11223344 et dont le si\u00e8ge social est situ\u00e9 au Royaume-Uni, 2 Stephen St, Londres, W1T 1AN) ainsi que d&#8217;un certain nombre de filiales (telles que d\u00e9finies \u00e0 l&#8217;article XXXX de la loi britannique sur les soci\u00e9t\u00e9s de 2006), de divisions et de soci\u00e9t\u00e9s affili\u00e9es bas\u00e9es au Royaume-Uni ainsi qu&#8217;\u00e0 l&#8217;\u00e9tranger.<\/p>\n\n<p>La pr\u00e9sente Politique de confidentialit\u00e9 s&#8217;applique \u00e0 toutes ces filiales et soci\u00e9t\u00e9s affili\u00e9es, quel que soit leur lieu ou leur juridiction. En particulier, le responsable du traitement des donn\u00e9es (mentionn\u00e9 ci-dessous) est une filiale de LenderKit Capital Limited. <\/p>\n\n<h4 class=\"wp-block-heading\">3.2. Responsable du traitement des donn\u00e9es<\/h4>\n\n<p>Le responsable du traitement des donn\u00e9es (tel que d\u00e9fini dans le R\u00e8glement europ\u00e9en sur la protection des donn\u00e9es (R\u00e8glement (UE) 2016\/679) (\u00ab RGPD \u00bb) pour LenderKit est LenderKit Investments Limited. LenderKit Investments Limited est enregistr\u00e9e en tant que responsable du traitement des donn\u00e9es aupr\u00e8s du Bureau du Commissaire \u00e0 l&#8217;information du Royaume-Uni (\u00ab ICO \u00bb) et notre num\u00e9ro d&#8217;enregistrement est le Z1122334. <\/p>\n\n<p>La pr\u00e9sente Politique de confidentialit\u00e9 est \u00e9mise au nom de LenderKit et l&#8217;entit\u00e9 responsable du traitement de vos donn\u00e9es pour le compte de LenderKit est LenderKit Investments Limited. Par cons\u00e9quent, les termes \u00ab nous \u00bb, \u00ab notre \u00bb ou \u00ab nos \u00bb dans la pr\u00e9sente Politique de confidentialit\u00e9 d\u00e9signent LenderKit Investments Limited. Sauf en cas de lien sp\u00e9cifique avec les obligations du responsable du traitement des donn\u00e9es au titre du RGPD, ces termes peuvent \u00e9galement d\u00e9signer les filiales, soci\u00e9t\u00e9s affili\u00e9es ou divisions de LenderKit.  <\/p>\n\n<p>LenderKit Investments Limited (filiale de LenderKit Capital Limited) est immatricul\u00e9e sous le num\u00e9ro 11223344 et son si\u00e8ge social est situ\u00e9 au 2 Stephen St, Londres, W1T 1AN, Royaume-Uni. Vous avez le droit de d\u00e9poser une plainte \u00e0 tout moment aupr\u00e8s de l&#8217;ICO, l&#8217;autorit\u00e9 de contr\u00f4le britannique charg\u00e9e de la protection des donn\u00e9es (www.ico.org.uk). <\/p>\n\n<p>Nous appr\u00e9cierions cependant d&#8217;avoir la possibilit\u00e9 de r\u00e9pondre \u00e0 vos pr\u00e9occupations avant que vous ne contactiez l&#8217;ICO, veuillez donc nous contacter en premier lieu.<\/p>\n\n<h3 class=\"wp-block-heading\">Pourquoi nous pouvons collecter des donn\u00e9es vous concernant<\/h3>\n\n<p>Il existe de nombreuses raisons pour lesquelles nous pouvons l\u00e9gitimement collecter et traiter vos informations et donn\u00e9es personnelles, notamment:<\/p>\n\n<ol class=\"wp-block-list\">\n<li>Consentement Dans des situations sp\u00e9cifiques, nous pouvons collecter et traiter vos donn\u00e9es avec votre consentement.<\/li>\n\n\n\n<li>Obligations contractuelles Nous pouvons traiter vos informations lorsque cela est n\u00e9cessaire pour conclure un contrat avec vous pour la fourniture de nos produits ou services ou pour ex\u00e9cuter nos obligations en vertu de ce contrat ou pour vous fournir des conseils ou des orientations concernant nos produits ou services qui sont propos\u00e9s par nous.<\/li>\n\n\n\n<li>Conformit\u00e9 l\u00e9gale Si la loi ou un organisme de r\u00e9glementation dans une juridiction comp\u00e9tente nous l&#8217;exige, nous pouvons \u00eatre amen\u00e9s \u00e0 collecter et \u00e0 traiter vos donn\u00e9es et \u00e0 les fournir \u00e9galement \u00e0 cet organisme de r\u00e9glementation.<\/li>\n\n\n\n<li>Int\u00e9r\u00eat l\u00e9gitime : Nous pouvons traiter vos informations dans le cadre de la gestion quotidienne de notre entreprise, pour g\u00e9rer nos affaires commerciales et financi\u00e8res et pour prot\u00e9ger nos clients, nos employ\u00e9s et nos biens. Il est dans notre int\u00e9r\u00eat de garantir le bon fonctionnement de nos processus et syst\u00e8mes et de poursuivre nos activit\u00e9s. Dans certaines situations, nous avons besoin de vos donn\u00e9es pour poursuivre nos int\u00e9r\u00eats l\u00e9gitimes d\u2019une mani\u00e8re raisonnablement pr\u00e9visible dans le cadre de la gestion de notre entreprise et qui n\u2019affecte pas significativement vos droits, libert\u00e9s ou int\u00e9r\u00eats.  <\/li>\n<\/ol>\n\n<p>Veuillez noter que si vous n&#8217;acceptez pas de nous fournir les informations demand\u00e9es, il se peut que nous ne puissions pas continuer \u00e0 g\u00e9rer votre compte et\/ou \u00e0 vous fournir des produits et services.<\/p>\n","protected":false},"excerpt":{"rendered":"<p>Partie A \u2013 Conditions g\u00e9n\u00e9rales Bienvenue sur la politique de confidentialit\u00e9 de LenderKit (\u00ab Politique de confidentialit\u00e9 \u00bb) Ceci est une d\u00e9monstration d&#8217;une page de politique de confidentialit\u00e9. Toutes les informations ici sont invent\u00e9es et fournies \u00e0 titre indicatif uniquement. LenderKit respecte votre vie priv\u00e9e et s&#8217;engage \u00e0 prendre les mesures n\u00e9cessaires pour prot\u00e9ger vos [&hellip;]<\/p>\n","protected":false},"author":1,"featured_media":0,"parent":0,"menu_order":0,"comment_status":"closed","ping_status":"closed","template":"","meta":{"footnotes":""},"class_list":["post-20069","page","type-page","status-publish","hentry"],"yoast_head":"<!-- This site is optimized with the Yoast SEO plugin v25.9 - https:\/\/yoast.com\/wordpress\/plugins\/seo\/ -->\n<title>Politique de confidentialit\u00e9 - WEB CAPITAL<\/title>\n<meta name=\"robots\" content=\"noindex, follow, max-snippet:-1, max-image-preview:large, max-video-preview:-1\" \/>\n<meta property=\"og:locale\" content=\"fr_FR\" \/>\n<meta property=\"og:type\" content=\"article\" \/>\n<meta property=\"og:title\" content=\"Politique de confidentialit\u00e9 - WEB CAPITAL\" \/>\n<meta property=\"og:description\" content=\"Partie A \u2013 Conditions g\u00e9n\u00e9rales Bienvenue sur la politique de confidentialit\u00e9 de LenderKit (\u00ab Politique de confidentialit\u00e9 \u00bb) Ceci est une d\u00e9monstration d&#8217;une page de politique de confidentialit\u00e9. Toutes les informations ici sont invent\u00e9es et fournies \u00e0 titre indicatif uniquement. LenderKit respecte votre vie priv\u00e9e et s&#8217;engage \u00e0 prendre les mesures n\u00e9cessaires pour prot\u00e9ger vos [&hellip;]\" \/>\n<meta property=\"og:url\" content=\"https:\/\/webcapital.biz\/fr\/politique-de-confidentialite\/\" \/>\n<meta property=\"og:site_name\" content=\"WEB CAPITAL\" \/>\n<meta property=\"article:modified_time\" content=\"2025-08-28T13:55:27+00:00\" \/>\n<meta name=\"twitter:card\" content=\"summary_large_image\" \/>\n<meta name=\"twitter:label1\" content=\"Est. reading time\" \/>\n\t<meta name=\"twitter:data1\" content=\"6 minutes\" \/>\n<script type=\"application\/ld+json\" class=\"yoast-schema-graph\">{\"@context\":\"https:\/\/schema.org\",\"@graph\":[{\"@type\":\"WebPage\",\"@id\":\"https:\/\/webcapital.biz\/fr\/politique-de-confidentialite\/\",\"url\":\"https:\/\/webcapital.biz\/fr\/politique-de-confidentialite\/\",\"name\":\"Politique de confidentialit\u00e9 - WEB CAPITAL\",\"isPartOf\":{\"@id\":\"https:\/\/webcapital.biz\/fr\/#website\"},\"datePublished\":\"2024-10-18T07:24:39+00:00\",\"dateModified\":\"2025-08-28T13:55:27+00:00\",\"breadcrumb\":{\"@id\":\"https:\/\/webcapital.biz\/fr\/politique-de-confidentialite\/#breadcrumb\"},\"inLanguage\":\"fr-FR\",\"potentialAction\":[{\"@type\":\"ReadAction\",\"target\":[\"https:\/\/webcapital.biz\/fr\/politique-de-confidentialite\/\"]}]},{\"@type\":\"BreadcrumbList\",\"@id\":\"https:\/\/webcapital.biz\/fr\/politique-de-confidentialite\/#breadcrumb\",\"itemListElement\":[{\"@type\":\"ListItem\",\"position\":1,\"name\":\"Home\",\"item\":\"https:\/\/webcapital.biz\/fr\/\"},{\"@type\":\"ListItem\",\"position\":2,\"name\":\"Politique de confidentialit\u00e9\"}]},{\"@type\":\"WebSite\",\"@id\":\"https:\/\/webcapital.biz\/fr\/#website\",\"url\":\"https:\/\/webcapital.biz\/fr\/\",\"name\":\"WEB CAPITAL\",\"description\":\"\",\"publisher\":{\"@id\":\"https:\/\/webcapital.biz\/fr\/#organization\"},\"potentialAction\":[{\"@type\":\"SearchAction\",\"target\":{\"@type\":\"EntryPoint\",\"urlTemplate\":\"https:\/\/webcapital.biz\/fr\/?s={search_term_string}\"},\"query-input\":{\"@type\":\"PropertyValueSpecification\",\"valueRequired\":true,\"valueName\":\"search_term_string\"}}],\"inLanguage\":\"fr-FR\"},{\"@type\":\"Organization\",\"@id\":\"https:\/\/webcapital.biz\/fr\/#organization\",\"name\":\"WEB CAPITAL\",\"url\":\"https:\/\/webcapital.biz\/fr\/\",\"logo\":{\"@type\":\"ImageObject\",\"inLanguage\":\"fr-FR\",\"@id\":\"https:\/\/webcapital.biz\/fr\/#\/schema\/logo\/image\/\",\"url\":\"https:\/\/webcapital.biz\/wp-content\/uploads\/2024\/10\/Untitled-design-5.png\",\"contentUrl\":\"https:\/\/webcapital.biz\/wp-content\/uploads\/2024\/10\/Untitled-design-5.png\",\"width\":350,\"height\":100,\"caption\":\"WEB CAPITAL\"},\"image\":{\"@id\":\"https:\/\/webcapital.biz\/fr\/#\/schema\/logo\/image\/\"}}]}<\/script>\n<!-- \/ Yoast SEO plugin. -->","yoast_head_json":{"title":"Politique de confidentialit\u00e9 - WEB CAPITAL","robots":{"index":"noindex","follow":"follow","max-snippet":"max-snippet:-1","max-image-preview":"max-image-preview:large","max-video-preview":"max-video-preview:-1"},"og_locale":"fr_FR","og_type":"article","og_title":"Politique de confidentialit\u00e9 - WEB CAPITAL","og_description":"Partie A \u2013 Conditions g\u00e9n\u00e9rales Bienvenue sur la politique de confidentialit\u00e9 de LenderKit (\u00ab Politique de confidentialit\u00e9 \u00bb) Ceci est une d\u00e9monstration d&#8217;une page de politique de confidentialit\u00e9. Toutes les informations ici sont invent\u00e9es et fournies \u00e0 titre indicatif uniquement. LenderKit respecte votre vie priv\u00e9e et s&#8217;engage \u00e0 prendre les mesures n\u00e9cessaires pour prot\u00e9ger vos [&hellip;]","og_url":"https:\/\/webcapital.biz\/fr\/politique-de-confidentialite\/","og_site_name":"WEB CAPITAL","article_modified_time":"2025-08-28T13:55:27+00:00","twitter_card":"summary_large_image","twitter_misc":{"Est. reading time":"6 minutes"},"schema":{"@context":"https:\/\/schema.org","@graph":[{"@type":"WebPage","@id":"https:\/\/webcapital.biz\/fr\/politique-de-confidentialite\/","url":"https:\/\/webcapital.biz\/fr\/politique-de-confidentialite\/","name":"Politique de confidentialit\u00e9 - WEB CAPITAL","isPartOf":{"@id":"https:\/\/webcapital.biz\/fr\/#website"},"datePublished":"2024-10-18T07:24:39+00:00","dateModified":"2025-08-28T13:55:27+00:00","breadcrumb":{"@id":"https:\/\/webcapital.biz\/fr\/politique-de-confidentialite\/#breadcrumb"},"inLanguage":"fr-FR","potentialAction":[{"@type":"ReadAction","target":["https:\/\/webcapital.biz\/fr\/politique-de-confidentialite\/"]}]},{"@type":"BreadcrumbList","@id":"https:\/\/webcapital.biz\/fr\/politique-de-confidentialite\/#breadcrumb","itemListElement":[{"@type":"ListItem","position":1,"name":"Home","item":"https:\/\/webcapital.biz\/fr\/"},{"@type":"ListItem","position":2,"name":"Politique de confidentialit\u00e9"}]},{"@type":"WebSite","@id":"https:\/\/webcapital.biz\/fr\/#website","url":"https:\/\/webcapital.biz\/fr\/","name":"WEB CAPITAL","description":"","publisher":{"@id":"https:\/\/webcapital.biz\/fr\/#organization"},"potentialAction":[{"@type":"SearchAction","target":{"@type":"EntryPoint","urlTemplate":"https:\/\/webcapital.biz\/fr\/?s={search_term_string}"},"query-input":{"@type":"PropertyValueSpecification","valueRequired":true,"valueName":"search_term_string"}}],"inLanguage":"fr-FR"},{"@type":"Organization","@id":"https:\/\/webcapital.biz\/fr\/#organization","name":"WEB CAPITAL","url":"https:\/\/webcapital.biz\/fr\/","logo":{"@type":"ImageObject","inLanguage":"fr-FR","@id":"https:\/\/webcapital.biz\/fr\/#\/schema\/logo\/image\/","url":"https:\/\/webcapital.biz\/wp-content\/uploads\/2024\/10\/Untitled-design-5.png","contentUrl":"https:\/\/webcapital.biz\/wp-content\/uploads\/2024\/10\/Untitled-design-5.png","width":350,"height":100,"caption":"WEB CAPITAL"},"image":{"@id":"https:\/\/webcapital.biz\/fr\/#\/schema\/logo\/image\/"}}]}},"_links":{"self":[{"href":"https:\/\/webcapital.biz\/fr\/wp-json\/wp\/v2\/pages\/20069","targetHints":{"allow":["GET"]}}],"collection":[{"href":"https:\/\/webcapital.biz\/fr\/wp-json\/wp\/v2\/pages"}],"about":[{"href":"https:\/\/webcapital.biz\/fr\/wp-json\/wp\/v2\/types\/page"}],"author":[{"embeddable":true,"href":"https:\/\/webcapital.biz\/fr\/wp-json\/wp\/v2\/users\/1"}],"replies":[{"embeddable":true,"href":"https:\/\/webcapital.biz\/fr\/wp-json\/wp\/v2\/comments?post=20069"}],"version-history":[{"count":1,"href":"https:\/\/webcapital.biz\/fr\/wp-json\/wp\/v2\/pages\/20069\/revisions"}],"predecessor-version":[{"id":20070,"href":"https:\/\/webcapital.biz\/fr\/wp-json\/wp\/v2\/pages\/20069\/revisions\/20070"}],"wp:attachment":[{"href":"https:\/\/webcapital.biz\/fr\/wp-json\/wp\/v2\/media?parent=20069"}],"curies":[{"name":"wp","href":"https:\/\/api.w.org\/{rel}","templated":true}]}}