{"id":19775,"date":"2024-10-18T09:24:49","date_gmt":"2024-10-18T07:24:49","guid":{"rendered":"https:\/\/promokit.ksa.demo.lkdemo.net\/allgemeine-geschaeftsbedingungen\/"},"modified":"2025-08-28T11:00:28","modified_gmt":"2025-08-28T09:00:28","slug":"allgemeine-geschaeftsbedingungen","status":"publish","type":"page","link":"https:\/\/webcapital.biz\/de\/allgemeine-geschaeftsbedingungen\/","title":{"rendered":"Allgemeine Gesch\u00e4ftsbedingungen"},"content":{"rendered":"\n<h2 class=\"wp-block-heading\">Teil A \u2013 Allgemeine Gesch\u00e4ftsbedingungen<\/h2>\n\n<h3 class=\"wp-block-heading\">Das Abkommen<\/h3>\n\n<p>Diese Allgemeinen Gesch\u00e4ftsbedingungen legen die Bedingungen fest, zu denen wir den LenderKit P2P-Service anbieten, und stellen unsere Vereinbarung mit Ihnen als P2P-Kreditgeber dar. Der Service wird Ihnen von LenderKit Co-Lend Limited angeboten, einem von der Financial Conduct Authority unter der Referenznummer 722801 zugelassenen und regulierten Unternehmen. <\/p>\n\n<p>Wenn Sie den LenderKit P2P-Dienst als P2P-Kreditgeber nutzen m\u00f6chten, m\u00fcssen Sie diese Gesch\u00e4ftsbedingungen einhalten.<\/p>\n\n<p>Gro\u00dfgeschriebene Begriffe haben die Bedeutung, die ihnen im Glossar am Ende zugewiesen wird.<\/p>\n\n<h3 class=\"wp-block-heading\">Wie werde ich ein LenderKit P2P-Kreditgeber?<\/h3>\n\n<p>Sie m\u00fcssen sich als LenderKit P2P-Kreditgeber registrieren, indem Sie einen Kreditgeberantrag auf der Website ausf\u00fcllen, um Ihr Online-Konto zu erstellen. Wir bieten Ihnen auch die M\u00f6glichkeit, einen Kreditgeberantrag in Papierform auszuf\u00fcllen. Wenn Sie dies w\u00fcnschen, k\u00f6nnen Sie \u00fcber die Website ein Papierformular anfordern, das Ihnen dann zugesandt wird. Die Verwendung der personenbezogenen Daten, die Sie uns im Rahmen der Registrierung und des Investitionsprozesses zur Verf\u00fcgung stellen, unterliegt den Bestimmungen unserer Datenschutzerkl\u00e4rung und Klausel [26].   <\/p>\n\n<p>Sie k\u00f6nnen die Kreditgeberanwendung nutzen, um zum ersten Mal \u00fcber den LenderKit P2P-Service oder \u00fcber ein bestehendes Online-Konto bei uns Geld zu verleihen. Die Mindestinvestition und der Mindestkontostand an Bargeld und Darlehenskapital auf Ihrem Konto betragen 10 \u20ac. Wenn Ihr Konto unter diesen Betrag f\u00e4llt, k\u00f6nnen wir nach eigenem Ermessen das Konto schlie\u00dfen und Ihnen den Erl\u00f6s auszahlen.  <\/p>\n\n<p>Wenn Sie uns kein g\u00fcltiges Konto angegeben haben, auf das diese Erl\u00f6se \u00fcberwiesen werden sollen, und wir Sie innerhalb von 28 Tagen nicht erreichen k\u00f6nnen, k\u00f6nnen wir diese Betr\u00e4ge an eine Wohlt\u00e4tigkeitsorganisation unserer Wahl \u00fcberweisen (vorausgesetzt, Ihr Konto ist seit mindestens 6 Jahren inaktiv). Wir k\u00f6nnen den Mindestkontostand jederzeit nach einer schriftlichen Mitteilung mit einer Frist von einem Monat erh\u00f6hen. <\/p>\n\n<p>Ihr Kreditantrag enth\u00e4lt Angaben zu dem P2P-Portfolio, das wir f\u00fcr Sie aufbauen sollen. Wenn wir Ihren Antrag annehmen, erhalten Sie von uns Ihre Online-Kontodaten. <\/p>\n\n<p>Sie m\u00fcssen uns die Kontodaten des Bankkontos mitteilen, von dem aus Sie Zahlungen t\u00e4tigen und empfangen m\u00f6chten (Ihr angegebenes Bankkonto). Ihr angegebenes Bankkonto muss auf denselben Namen lauten wie die bei uns registrierte Person und muss bei einer Bank oder Bausparkasse (\u201eKreditinstitut\u201c) gef\u00fchrt werden, die f\u00fcr uns akzeptabel ist. Wir k\u00f6nnen Antr\u00e4ge auf Einrichtung eines Online-Kontos nach unserem alleinigen Ermessen annehmen oder ablehnen.  <\/p>\n\n<p>Wenn Sie Geld auf Ihr P2P-Portfolio einzahlen, Ihr P2P-Portfolio ganz oder teilweise verkaufen oder uns beauftragen m\u00f6chten, Geld zwischen Ihrem LenderKit-Kundenkonto und Ihrem angegebenen Bankkonto zu \u00fcberweisen, k\u00f6nnen Sie dies \u00fcber Ihr Online-Konto tun.<\/p>\n\n<p>Sie k\u00f6nnen einen beliebigen Teil des Bargelds oder Darlehenskapitals auf Ihrem Konto als f\u00fcr eine Person unter 18 Jahren gehaltenes Guthaben kennzeichnen. Das so gekennzeichnete Bargeld oder Darlehenskapital bleibt Ihr Eigentum und geht nicht in das Eigentum der Person \u00fcber, f\u00fcr die es gehalten wird. <\/p>\n\n<h3 class=\"wp-block-heading\">Die Leistungen<\/h3>\n\n<p>Der LenderKit P2P-Service ist ein diskretion\u00e4rer Kreditportfolio-Verwaltungsservice, der Ihnen die Aufschl\u00fcsselung Ihrer auf der Plattform gehaltenen Barmittel und Anlagen erm\u00f6glicht. Die Website und diese Allgemeinen Gesch\u00e4ftsbedingungen beschreiben die Grundlage, auf der LenderKit Co-Lend von Zeit zu Zeit P2P-Kredite zu Ihrem P2P-Portfolio hinzuf\u00fcgen und daraus entfernen kann. Durch die Annahme dieser Allgemeinen Gesch\u00e4ftsbedingungen erm\u00e4chtigen Sie LenderKit, auf dieser Grundlage als Ihr Vertreter P2P-Kredite zu vergeben.<br\/>Ihr Geld wird zur Finanzierung einzelner P2P-Kredite verwendet, die an Sie \u00fcberwiesen und in Ihrem P2P-Portfolio gehalten werden. Wir ergreifen Ma\u00dfnahmen zur Diversifizierung gem\u00e4\u00df diesen Allgemeinen Gesch\u00e4ftsbedingungen.  <\/p>\n\n<p>Im Rahmen des LenderKit P2P-Dienstes verwalten wir Ihr P2P-Portfolio nach eigenem Ermessen. Dazu geh\u00f6rt auch die Neuzuweisung Ihrer Kredite und somit die Diversifizierung Ihres Portfolios nach unserem Ermessen, um Ihnen Zugang zu einer Reihe von Kreditnehmern zu verschaffen, wenn sich neue M\u00f6glichkeiten ergeben.<\/p>\n\n<h3 class=\"wp-block-heading\">Einzahlung auf Ihr Online-Konto<\/h3>\n\n<p>Sie k\u00f6nnen Ihrem P2P-Portfolio bei der Einrichtung Ihres Online-Kontos per elektronischer \u00dcberweisung, Debitkartenzahlung oder Lastschrift Geld hinzuf\u00fcgen. Sie erm\u00e4chtigen uns daher, dem Finanzinstitut, das Ihre Karte ausgestellt hat, Anweisungen zu senden, Zahlungen von Ihrem Kartenkonto gem\u00e4\u00df diesen Gesch\u00e4ftsbedingungen abzubuchen. Sie k\u00f6nnen Ihre Online-Kontoeinstellungen in Bezug auf nicht investiertes Bargeld jederzeit aktualisieren. Wenn Sie Geld zu einem bestehenden P2P-Portfolio hinzuf\u00fcgen m\u00f6chten, wenden wir dieselben Diversifizierungskriterien auf das gesamte P2P-Portfolio an, obwohl sich der von Ihnen erzielte pers\u00f6nliche Zinssatz im Laufe der Zeit entsprechend den Marktbedingungen und \u00c4nderungen des Zielzinssatzes \u00e4ndern kann, wie in Klausel [12] beschrieben. Wir k\u00f6nnen Ihnen auch zustimmen, Geld per Scheck zu Ihrem P2P-Portfolio hinzuzuf\u00fcgen. Wir erkennen solche Zahlungen jedoch erst an, wenn das Geld vollst\u00e4ndig auf dem LenderKit-Kundenkonto eingegangen ist. Bitte kontaktieren Sie uns telefonisch unter 0800 294 6848 oder per E-Mail an support@LenderKitchoice.com, wenn Sie Ihr P2P-Portfolio per Scheck aufladen m\u00f6chten.<\/p>\n\n<h3 class=\"wp-block-heading\">Wiederanlage von Zinsen<\/h3>\n\n<p>Sofern Sie die Option \u201eZinsen reinvestieren?\u201c in Ihrem Online-Konto nicht deaktivieren, werden wir die Zinsertr\u00e4ge automatisch in neue P2P-Kredite reinvestieren, die in Ihrem P2P-Portfolio auf die gleiche Weise wie neue Gelder gem\u00e4\u00df Ziffer [4] oben gehalten werden. Wenn Sie lieber Zinsen erhalten m\u00f6chten, m\u00fcssen Sie die Option \u201eZinsen reinvestieren?\u201c deaktivieren. Sobald Zinsen eingehen, werden diese dann monatlich automatisch auf Ihr angegebenes Bankkonto \u00fcberwiesen. <\/p>\n","protected":false},"excerpt":{"rendered":"<p>Teil A \u2013 Allgemeine Gesch\u00e4ftsbedingungen Das Abkommen Diese Allgemeinen Gesch\u00e4ftsbedingungen legen die Bedingungen fest, zu denen wir den LenderKit P2P-Service anbieten, und stellen unsere Vereinbarung mit Ihnen als P2P-Kreditgeber dar. Der Service wird Ihnen von LenderKit Co-Lend Limited angeboten, einem von der Financial Conduct Authority unter der Referenznummer 722801 zugelassenen und regulierten Unternehmen. Wenn Sie [&hellip;]<\/p>\n","protected":false},"author":1,"featured_media":0,"parent":0,"menu_order":0,"comment_status":"closed","ping_status":"closed","template":"","meta":{"footnotes":""},"class_list":["post-19775","page","type-page","status-publish","hentry"],"yoast_head":"<!-- This site is optimized with the Yoast SEO plugin v25.9 - https:\/\/yoast.com\/wordpress\/plugins\/seo\/ -->\n<title>Allgemeine Gesch\u00e4ftsbedingungen - WEB CAPITAL<\/title>\n<meta name=\"robots\" content=\"noindex, follow, max-snippet:-1, max-image-preview:large, max-video-preview:-1\" \/>\n<meta property=\"og:locale\" content=\"de_DE\" \/>\n<meta property=\"og:type\" content=\"article\" \/>\n<meta property=\"og:title\" content=\"Allgemeine Gesch\u00e4ftsbedingungen - WEB CAPITAL\" \/>\n<meta property=\"og:description\" content=\"Teil A \u2013 Allgemeine Gesch\u00e4ftsbedingungen Das Abkommen Diese Allgemeinen Gesch\u00e4ftsbedingungen legen die Bedingungen fest, zu denen wir den LenderKit P2P-Service anbieten, und stellen unsere Vereinbarung mit Ihnen als P2P-Kreditgeber dar. Der Service wird Ihnen von LenderKit Co-Lend Limited angeboten, einem von der Financial Conduct Authority unter der Referenznummer 722801 zugelassenen und regulierten Unternehmen. Wenn Sie [&hellip;]\" \/>\n<meta property=\"og:url\" content=\"https:\/\/webcapital.biz\/de\/allgemeine-geschaeftsbedingungen\/\" \/>\n<meta property=\"og:site_name\" content=\"WEB CAPITAL\" \/>\n<meta property=\"article:modified_time\" content=\"2025-08-28T09:00:28+00:00\" \/>\n<meta name=\"twitter:card\" content=\"summary_large_image\" \/>\n<meta name=\"twitter:label1\" content=\"Est. reading time\" \/>\n\t<meta name=\"twitter:data1\" content=\"4 minutes\" \/>\n<script type=\"application\/ld+json\" class=\"yoast-schema-graph\">{\"@context\":\"https:\/\/schema.org\",\"@graph\":[{\"@type\":\"WebPage\",\"@id\":\"https:\/\/webcapital.biz\/de\/allgemeine-geschaeftsbedingungen\/\",\"url\":\"https:\/\/webcapital.biz\/de\/allgemeine-geschaeftsbedingungen\/\",\"name\":\"Allgemeine Gesch\u00e4ftsbedingungen - WEB CAPITAL\",\"isPartOf\":{\"@id\":\"https:\/\/webcapital.biz\/de\/#website\"},\"datePublished\":\"2024-10-18T07:24:49+00:00\",\"dateModified\":\"2025-08-28T09:00:28+00:00\",\"breadcrumb\":{\"@id\":\"https:\/\/webcapital.biz\/de\/allgemeine-geschaeftsbedingungen\/#breadcrumb\"},\"inLanguage\":\"de-DE\",\"potentialAction\":[{\"@type\":\"ReadAction\",\"target\":[\"https:\/\/webcapital.biz\/de\/allgemeine-geschaeftsbedingungen\/\"]}]},{\"@type\":\"BreadcrumbList\",\"@id\":\"https:\/\/webcapital.biz\/de\/allgemeine-geschaeftsbedingungen\/#breadcrumb\",\"itemListElement\":[{\"@type\":\"ListItem\",\"position\":1,\"name\":\"Home\",\"item\":\"https:\/\/webcapital.biz\/de\/\"},{\"@type\":\"ListItem\",\"position\":2,\"name\":\"Allgemeine Gesch\u00e4ftsbedingungen\"}]},{\"@type\":\"WebSite\",\"@id\":\"https:\/\/webcapital.biz\/de\/#website\",\"url\":\"https:\/\/webcapital.biz\/de\/\",\"name\":\"WEB CAPITAL\",\"description\":\"\",\"publisher\":{\"@id\":\"https:\/\/webcapital.biz\/de\/#organization\"},\"potentialAction\":[{\"@type\":\"SearchAction\",\"target\":{\"@type\":\"EntryPoint\",\"urlTemplate\":\"https:\/\/webcapital.biz\/de\/?s={search_term_string}\"},\"query-input\":{\"@type\":\"PropertyValueSpecification\",\"valueRequired\":true,\"valueName\":\"search_term_string\"}}],\"inLanguage\":\"de-DE\"},{\"@type\":\"Organization\",\"@id\":\"https:\/\/webcapital.biz\/de\/#organization\",\"name\":\"WEB CAPITAL\",\"url\":\"https:\/\/webcapital.biz\/de\/\",\"logo\":{\"@type\":\"ImageObject\",\"inLanguage\":\"de-DE\",\"@id\":\"https:\/\/webcapital.biz\/de\/#\/schema\/logo\/image\/\",\"url\":\"https:\/\/webcapital.biz\/wp-content\/uploads\/2024\/10\/Untitled-design-5.png\",\"contentUrl\":\"https:\/\/webcapital.biz\/wp-content\/uploads\/2024\/10\/Untitled-design-5.png\",\"width\":350,\"height\":100,\"caption\":\"WEB CAPITAL\"},\"image\":{\"@id\":\"https:\/\/webcapital.biz\/de\/#\/schema\/logo\/image\/\"}}]}<\/script>\n<!-- \/ Yoast SEO plugin. -->","yoast_head_json":{"title":"Allgemeine Gesch\u00e4ftsbedingungen - WEB CAPITAL","robots":{"index":"noindex","follow":"follow","max-snippet":"max-snippet:-1","max-image-preview":"max-image-preview:large","max-video-preview":"max-video-preview:-1"},"og_locale":"de_DE","og_type":"article","og_title":"Allgemeine Gesch\u00e4ftsbedingungen - WEB CAPITAL","og_description":"Teil A \u2013 Allgemeine Gesch\u00e4ftsbedingungen Das Abkommen Diese Allgemeinen Gesch\u00e4ftsbedingungen legen die Bedingungen fest, zu denen wir den LenderKit P2P-Service anbieten, und stellen unsere Vereinbarung mit Ihnen als P2P-Kreditgeber dar. Der Service wird Ihnen von LenderKit Co-Lend Limited angeboten, einem von der Financial Conduct Authority unter der Referenznummer 722801 zugelassenen und regulierten Unternehmen. Wenn Sie [&hellip;]","og_url":"https:\/\/webcapital.biz\/de\/allgemeine-geschaeftsbedingungen\/","og_site_name":"WEB CAPITAL","article_modified_time":"2025-08-28T09:00:28+00:00","twitter_card":"summary_large_image","twitter_misc":{"Est. reading time":"4 minutes"},"schema":{"@context":"https:\/\/schema.org","@graph":[{"@type":"WebPage","@id":"https:\/\/webcapital.biz\/de\/allgemeine-geschaeftsbedingungen\/","url":"https:\/\/webcapital.biz\/de\/allgemeine-geschaeftsbedingungen\/","name":"Allgemeine Gesch\u00e4ftsbedingungen - WEB CAPITAL","isPartOf":{"@id":"https:\/\/webcapital.biz\/de\/#website"},"datePublished":"2024-10-18T07:24:49+00:00","dateModified":"2025-08-28T09:00:28+00:00","breadcrumb":{"@id":"https:\/\/webcapital.biz\/de\/allgemeine-geschaeftsbedingungen\/#breadcrumb"},"inLanguage":"de-DE","potentialAction":[{"@type":"ReadAction","target":["https:\/\/webcapital.biz\/de\/allgemeine-geschaeftsbedingungen\/"]}]},{"@type":"BreadcrumbList","@id":"https:\/\/webcapital.biz\/de\/allgemeine-geschaeftsbedingungen\/#breadcrumb","itemListElement":[{"@type":"ListItem","position":1,"name":"Home","item":"https:\/\/webcapital.biz\/de\/"},{"@type":"ListItem","position":2,"name":"Allgemeine Gesch\u00e4ftsbedingungen"}]},{"@type":"WebSite","@id":"https:\/\/webcapital.biz\/de\/#website","url":"https:\/\/webcapital.biz\/de\/","name":"WEB CAPITAL","description":"","publisher":{"@id":"https:\/\/webcapital.biz\/de\/#organization"},"potentialAction":[{"@type":"SearchAction","target":{"@type":"EntryPoint","urlTemplate":"https:\/\/webcapital.biz\/de\/?s={search_term_string}"},"query-input":{"@type":"PropertyValueSpecification","valueRequired":true,"valueName":"search_term_string"}}],"inLanguage":"de-DE"},{"@type":"Organization","@id":"https:\/\/webcapital.biz\/de\/#organization","name":"WEB CAPITAL","url":"https:\/\/webcapital.biz\/de\/","logo":{"@type":"ImageObject","inLanguage":"de-DE","@id":"https:\/\/webcapital.biz\/de\/#\/schema\/logo\/image\/","url":"https:\/\/webcapital.biz\/wp-content\/uploads\/2024\/10\/Untitled-design-5.png","contentUrl":"https:\/\/webcapital.biz\/wp-content\/uploads\/2024\/10\/Untitled-design-5.png","width":350,"height":100,"caption":"WEB CAPITAL"},"image":{"@id":"https:\/\/webcapital.biz\/de\/#\/schema\/logo\/image\/"}}]}},"_links":{"self":[{"href":"https:\/\/webcapital.biz\/de\/wp-json\/wp\/v2\/pages\/19775","targetHints":{"allow":["GET"]}}],"collection":[{"href":"https:\/\/webcapital.biz\/de\/wp-json\/wp\/v2\/pages"}],"about":[{"href":"https:\/\/webcapital.biz\/de\/wp-json\/wp\/v2\/types\/page"}],"author":[{"embeddable":true,"href":"https:\/\/webcapital.biz\/de\/wp-json\/wp\/v2\/users\/1"}],"replies":[{"embeddable":true,"href":"https:\/\/webcapital.biz\/de\/wp-json\/wp\/v2\/comments?post=19775"}],"version-history":[{"count":1,"href":"https:\/\/webcapital.biz\/de\/wp-json\/wp\/v2\/pages\/19775\/revisions"}],"predecessor-version":[{"id":19776,"href":"https:\/\/webcapital.biz\/de\/wp-json\/wp\/v2\/pages\/19775\/revisions\/19776"}],"wp:attachment":[{"href":"https:\/\/webcapital.biz\/de\/wp-json\/wp\/v2\/media?parent=19775"}],"curies":[{"name":"wp","href":"https:\/\/api.w.org\/{rel}","templated":true}]}}