{"id":19773,"date":"2024-10-18T09:24:39","date_gmt":"2024-10-18T07:24:39","guid":{"rendered":"https:\/\/promokit.ksa.demo.lkdemo.net\/datenschutzerklaerung\/"},"modified":"2025-08-28T10:51:13","modified_gmt":"2025-08-28T08:51:13","slug":"datenschutzerklaerung","status":"publish","type":"page","link":"https:\/\/webcapital.biz\/de\/datenschutzerklaerung\/","title":{"rendered":"Datenschutzerkl\u00e4rung"},"content":{"rendered":"\n<h2 class=\"wp-block-heading\">Teil A \u2013 Allgemeine Gesch\u00e4ftsbedingungen<\/h2>\n\n<p>Willkommen zur Datenschutzrichtlinie von LenderKit (\u201eDatenschutzrichtlinie\u201c)<\/p>\n\n<p><strong>Dies ist eine DEMO einer Datenschutzrichtlinie. Alle hier enthaltenen Informationen sind frei erfunden und dienen nur zu Darstellungszwecken. <\/strong><\/p>\n\n<p>LenderKit respektiert Ihre Privatsph\u00e4re und verpflichtet sich, beim Schutz Ihrer personenbezogenen Daten, einschlie\u00dflich der Art und Weise, wie wir Ihre personenbezogenen Daten erheben, verwenden und sch\u00fctzen, das Richtige zu tun. Diese Datenschutzerkl\u00e4rung informiert Sie dar\u00fcber, wie wir Ihre personenbezogenen Daten behandeln, wenn Sie unsere Website besuchen (unabh\u00e4ngig davon, von wo aus Sie sie besuchen), und kl\u00e4rt Sie \u00fcber Ihre Datenschutzrechte und den gesetzlichen Schutz auf.<br\/>Insbesondere in Bezug auf LenderKit (wie unten definiert) soll Ihnen diese Datenschutzerkl\u00e4rung Informationen zu folgenden Punkten geben <\/p>\n\n<ul class=\"wp-block-list\">\n<li>die Arten von personenbezogenen Daten, die LenderKit erhebt;<\/li>\n\n\n\n<li>warum LenderKit Ihre personenbezogenen Daten erfasst und verwendet;<\/li>\n\n\n\n<li>Wann und warum wir personenbezogene Daten innerhalb von LenderKit und mit anderen Organisationen teilen;<\/li>\n\n\n\n<li>die Rechte und Wahlm\u00f6glichkeiten, die Sie in Bezug auf Ihre personenbezogenen Daten haben;<\/li>\n\n\n\n<li>warum und wie es Ihre personenbezogenen Daten durch Ihre Nutzung seiner Website erfasst und verarbeitet, einschlie\u00dflich aller Daten, die Sie \u00fcber seine Website bereitstellen, wenn Sie einen der Dienste der LenderKit-Unternehmen nutzen oder in eines ihrer Produkte investieren, sowie an alle anderen Personen, die mit einem der LenderKit-Unternehmen Kontakt aufnehmen oder anderweitig Informationen an eines der LenderKit-Unternehmen \u00fcbermitteln.<\/li>\n<\/ul>\n\n<p>Diese Website ist nicht f\u00fcr Kinder bestimmt, und wir sammeln wissentlich keine Daten \u00fcber Kinder.<br\/>Es ist wichtig, dass Sie diese Datenschutzerkl\u00e4rung zusammen mit allen anderen Datenschutzerkl\u00e4rungen oder Hinweisen zur fairen Verarbeitung lesen, die wir Ihnen bei bestimmten Gelegenheiten zur Verf\u00fcgung stellen, wenn wir personenbezogene Daten \u00fcber Sie sammeln oder verarbeiten, damit Sie sich vollst\u00e4ndig dar\u00fcber im Klaren sind, wie und warum wir Ihre Daten verwenden. Diese Datenschutzerkl\u00e4rung erg\u00e4nzt alle anderen Datenschutzhinweise oder -richtlinien und soll diese nicht au\u00dfer Kraft setzen.<br\/>Bitte nehmen Sie sich die Zeit, diese Datenschutzerkl\u00e4rung zu lesen. Wenn Sie Fragen zu dieser Datenschutzerkl\u00e4rung oder zur Verwendung Ihrer Daten haben, k\u00f6nnen Sie uns unter lenderkit@justcoded.com kontaktieren.<br\/>Diese Datenschutzerkl\u00e4rung kann sich von Zeit zu Zeit \u00e4ndern. In diesem Fall ist die aktuelle Version immer auf den LenderKit-Websites verf\u00fcgbar. Bitte beachten Sie, dass Sie durch die weitere Nutzung der LenderKit-Websites den aktualisierten Versionen der LenderKit-Datenschutzerkl\u00e4rung zustimmen.   <\/p>\n\n<h3 class=\"wp-block-heading\">Links zu Websites Dritter<\/h3>\n\n<p>Die LenderKit-Websites k\u00f6nnen Links zu Drittanbietern, verbundenen Unternehmen, Websites, Plug-ins und Anwendungen enthalten. Durch Anklicken dieser Links oder Aktivieren dieser Verbindungen k\u00f6nnen Dritte Daten \u00fcber Sie sammeln oder weitergeben. Wir haben keine Kontrolle \u00fcber diese Websites Dritter und sind nicht f\u00fcr deren Datenschutzerkl\u00e4rungen, Hinweise oder Richtlinien verantwortlich. Wenn Sie unsere Website verlassen, empfehlen wir Ihnen, die Datenschutzerkl\u00e4rung jeder Website, die Sie besuchen, zu lesen. Wir \u00fcbernehmen keine Verantwortung oder Haftung f\u00fcr die Datenschutzrichtlinien oder -hinweise auf Websites von Drittanbietern. Bitte \u00fcberpr\u00fcfen Sie diese Richtlinien, bevor Sie personenbezogene Daten an diese Websites \u00fcbermitteln.     <\/p>\n\n<p>Es ist wichtig, dass die personenbezogenen Daten, die wir \u00fcber Sie gespeichert haben, korrekt und aktuell sind. Bitte informieren Sie uns, wenn sich Ihre personenbezogenen Daten w\u00e4hrend Ihrer Gesch\u00e4ftsbeziehung mit uns \u00e4ndern. <\/p>\n\n<h3 class=\"wp-block-heading\">LenderKit und der Datenverantwortliche<\/h3>\n\n<h4 class=\"wp-block-heading\">3.1. Kreditgeber-Kit<\/h4>\n\n<p>Das LenderKit (\u201eLenderKit\u201c) besteht aus der Muttergesellschaft LenderKit Capital Limited (eine Gesellschaft mit beschr\u00e4nkter Haftung mit der Registrierungsnummer 11223344 und Sitz in Vereinigtes K\u00f6nigreich, 2 Stephen St, London, W1T 1AN) sowie einer Reihe von Tochtergesellschaften (im Sinne von Abschnitt XXXX des britischen Companies Act 2006), Abteilungen und verbundenen Unternehmen mit Sitz im Vereinigten K\u00f6nigreich und im Ausland.<\/p>\n\n<p>Diese Datenschutzrichtlinie gilt f\u00fcr alle Tochtergesellschaften und verbundenen Unternehmen, unabh\u00e4ngig von Standort oder Gerichtsbarkeit. Insbesondere ist der Datenverantwortliche (wie unten genannt) eine Tochtergesellschaft von LenderKit Capital Limited. <\/p>\n\n<h4 class=\"wp-block-heading\">3.2. Datenverantwortlicher<\/h4>\n\n<p>Der Datenverantwortliche (im Sinne der Europ\u00e4ischen Datenschutz-Grundverordnung (Verordnung (EU) 2016\/679) (\u201eDSGVO\u201c) f\u00fcr LenderKit ist LenderKit Investments Limited. LenderKit Investments Limited ist als Datenverantwortlicher beim britischen Information Commissioner&#8217;s Office (\u201eICO\u201c) registriert, unsere Registrierungsnummer lautet Z1122334. <\/p>\n\n<p>Diese Datenschutzerkl\u00e4rung wird im Namen von LenderKit herausgegeben. Das Unternehmen, das f\u00fcr die Verarbeitung Ihrer Daten im Auftrag von LenderKit verantwortlich ist, ist LenderKit Investments Limited. Dementsprechend beziehen sich \u201ewir\u201c, \u201euns\u201c oder \u201eunser\u201c in dieser Datenschutzerkl\u00e4rung auf LenderKit Investments Limited. Sofern dies nicht ausdr\u00fccklich im Zusammenhang mit den Verpflichtungen des Datenverantwortlichen gem\u00e4\u00df DSGVO steht, k\u00f6nnen \u201ewir\u201c, \u201euns\u201c oder \u201eunser\u201c auch auf Tochtergesellschaften, verbundene Unternehmen oder Abteilungen von LenderKit Bezug nehmen.  <\/p>\n\n<p>LenderKit Investments Limited (eine Tochtergesellschaft von LenderKit Capital Limited) ist unter der Firmennummer 11223344 registriert und hat ihren Sitz in Gro\u00dfbritannien, 2 Stephen St, London, W1T 1AN. Sie haben das Recht, jederzeit eine Beschwerde bei der britischen Aufsichtsbeh\u00f6rde f\u00fcr Datenschutzfragen (ICO) einzureichen (www.ico.org.uk). <\/p>\n\n<p>Wir w\u00fcrden es jedoch begr\u00fc\u00dfen, wenn Sie uns die M\u00f6glichkeit geben w\u00fcrden, Ihre Bedenken zu kl\u00e4ren, bevor Sie sich an die ICO wenden. Bitte kontaktieren Sie uns daher zun\u00e4chst.<\/p>\n\n<h3 class=\"wp-block-heading\">Warum wir Daten \u00fcber Sie erheben k\u00f6nnen<\/h3>\n\n<p>Es gibt viele Gr\u00fcnde, warum wir Ihre personenbezogenen Informationen und Daten rechtm\u00e4\u00dfig erheben und verarbeiten d\u00fcrfen, darunter:<\/p>\n\n<ol class=\"wp-block-list\">\n<li>Einwilligung In bestimmten Situationen k\u00f6nnen wir Ihre Daten mit Ihrer Einwilligung erheben und verarbeiten.<\/li>\n\n\n\n<li>Vertragliche Verpflichtungen Wir k\u00f6nnen Ihre Daten verarbeiten, wenn dies erforderlich ist, um entweder einen Vertrag mit Ihnen \u00fcber die Bereitstellung unserer Produkte oder Dienstleistungen abzuschlie\u00dfen oder um unsere Verpflichtungen aus diesem Vertrag zu erf\u00fcllen oder um Ihnen Beratung oder Anleitung in Bezug auf unsere von uns angebotenen Produkte oder Dienstleistungen zu geben.<\/li>\n\n\n\n<li>Einhaltung gesetzlicher Vorschriften Wenn wir aufgrund gesetzlicher Vorschriften oder beh\u00f6rdlicher Auflagen in einem zust\u00e4ndigen Rechtsgebiet dazu verpflichtet sind, m\u00fcssen wir m\u00f6glicherweise Ihre Daten erfassen und verarbeiten und diese auch an die betreffende Beh\u00f6rde weitergeben<\/li>\n\n\n\n<li>Berechtigtes Interesse Wir verarbeiten Ihre Daten im Rahmen unseres Gesch\u00e4ftsbetriebs, zur Verwaltung unserer Gesch\u00e4fts- und Finanzangelegenheiten sowie zum Schutz unserer Kunden, Mitarbeiter und unseres Eigentums. Es liegt in unserem Interesse, die Effektivit\u00e4t unserer Prozesse und Systeme sicherzustellen und unsere Gesch\u00e4ftst\u00e4tigkeit fortzusetzen. In bestimmten Situationen ben\u00f6tigen wir Ihre Daten, um unsere berechtigten Interessen in einer Weise zu verfolgen, die im Rahmen unseres Gesch\u00e4ftsbetriebs vern\u00fcnftigerweise erwartet werden kann und Ihre Rechte, Freiheiten oder Interessen nicht wesentlich beeintr\u00e4chtigt.  <\/li>\n<\/ol>\n\n<p>Bitte beachten Sie, dass wir Ihr Konto m\u00f6glicherweise nicht weiterf\u00fchren und\/oder Ihnen keine Produkte und Dienstleistungen mehr anbieten k\u00f6nnen, wenn Sie uns die angeforderten Informationen nicht zur Verf\u00fcgung stellen.<\/p>\n","protected":false},"excerpt":{"rendered":"<p>Teil A \u2013 Allgemeine Gesch\u00e4ftsbedingungen Willkommen zur Datenschutzrichtlinie von LenderKit (\u201eDatenschutzrichtlinie\u201c) Dies ist eine DEMO einer Datenschutzrichtlinie. Alle hier enthaltenen Informationen sind frei erfunden und dienen nur zu Darstellungszwecken. LenderKit respektiert Ihre Privatsph\u00e4re und verpflichtet sich, beim Schutz Ihrer personenbezogenen Daten, einschlie\u00dflich der Art und Weise, wie wir Ihre personenbezogenen Daten erheben, verwenden und sch\u00fctzen, [&hellip;]<\/p>\n","protected":false},"author":1,"featured_media":0,"parent":0,"menu_order":0,"comment_status":"closed","ping_status":"closed","template":"","meta":{"footnotes":""},"class_list":["post-19773","page","type-page","status-publish","hentry"],"yoast_head":"<!-- This site is optimized with the Yoast SEO plugin v25.9 - https:\/\/yoast.com\/wordpress\/plugins\/seo\/ -->\n<title>Datenschutzerkl\u00e4rung - WEB CAPITAL<\/title>\n<meta name=\"robots\" content=\"noindex, follow, max-snippet:-1, max-image-preview:large, max-video-preview:-1\" \/>\n<meta property=\"og:locale\" content=\"de_DE\" \/>\n<meta property=\"og:type\" content=\"article\" \/>\n<meta property=\"og:title\" content=\"Datenschutzerkl\u00e4rung - WEB CAPITAL\" \/>\n<meta property=\"og:description\" content=\"Teil A \u2013 Allgemeine Gesch\u00e4ftsbedingungen Willkommen zur Datenschutzrichtlinie von LenderKit (\u201eDatenschutzrichtlinie\u201c) Dies ist eine DEMO einer Datenschutzrichtlinie. Alle hier enthaltenen Informationen sind frei erfunden und dienen nur zu Darstellungszwecken. LenderKit respektiert Ihre Privatsph\u00e4re und verpflichtet sich, beim Schutz Ihrer personenbezogenen Daten, einschlie\u00dflich der Art und Weise, wie wir Ihre personenbezogenen Daten erheben, verwenden und sch\u00fctzen, [&hellip;]\" \/>\n<meta property=\"og:url\" content=\"https:\/\/webcapital.biz\/de\/datenschutzerklaerung\/\" \/>\n<meta property=\"og:site_name\" content=\"WEB CAPITAL\" \/>\n<meta property=\"article:modified_time\" content=\"2025-08-28T08:51:13+00:00\" \/>\n<meta name=\"twitter:card\" content=\"summary_large_image\" \/>\n<meta name=\"twitter:label1\" content=\"Est. reading time\" \/>\n\t<meta name=\"twitter:data1\" content=\"5 minutes\" \/>\n<script type=\"application\/ld+json\" class=\"yoast-schema-graph\">{\"@context\":\"https:\/\/schema.org\",\"@graph\":[{\"@type\":\"WebPage\",\"@id\":\"https:\/\/webcapital.biz\/de\/datenschutzerklaerung\/\",\"url\":\"https:\/\/webcapital.biz\/de\/datenschutzerklaerung\/\",\"name\":\"Datenschutzerkl\u00e4rung - WEB CAPITAL\",\"isPartOf\":{\"@id\":\"https:\/\/webcapital.biz\/de\/#website\"},\"datePublished\":\"2024-10-18T07:24:39+00:00\",\"dateModified\":\"2025-08-28T08:51:13+00:00\",\"breadcrumb\":{\"@id\":\"https:\/\/webcapital.biz\/de\/datenschutzerklaerung\/#breadcrumb\"},\"inLanguage\":\"de-DE\",\"potentialAction\":[{\"@type\":\"ReadAction\",\"target\":[\"https:\/\/webcapital.biz\/de\/datenschutzerklaerung\/\"]}]},{\"@type\":\"BreadcrumbList\",\"@id\":\"https:\/\/webcapital.biz\/de\/datenschutzerklaerung\/#breadcrumb\",\"itemListElement\":[{\"@type\":\"ListItem\",\"position\":1,\"name\":\"Home\",\"item\":\"https:\/\/webcapital.biz\/de\/\"},{\"@type\":\"ListItem\",\"position\":2,\"name\":\"Datenschutzerkl\u00e4rung\"}]},{\"@type\":\"WebSite\",\"@id\":\"https:\/\/webcapital.biz\/de\/#website\",\"url\":\"https:\/\/webcapital.biz\/de\/\",\"name\":\"WEB CAPITAL\",\"description\":\"\",\"publisher\":{\"@id\":\"https:\/\/webcapital.biz\/de\/#organization\"},\"potentialAction\":[{\"@type\":\"SearchAction\",\"target\":{\"@type\":\"EntryPoint\",\"urlTemplate\":\"https:\/\/webcapital.biz\/de\/?s={search_term_string}\"},\"query-input\":{\"@type\":\"PropertyValueSpecification\",\"valueRequired\":true,\"valueName\":\"search_term_string\"}}],\"inLanguage\":\"de-DE\"},{\"@type\":\"Organization\",\"@id\":\"https:\/\/webcapital.biz\/de\/#organization\",\"name\":\"WEB CAPITAL\",\"url\":\"https:\/\/webcapital.biz\/de\/\",\"logo\":{\"@type\":\"ImageObject\",\"inLanguage\":\"de-DE\",\"@id\":\"https:\/\/webcapital.biz\/de\/#\/schema\/logo\/image\/\",\"url\":\"https:\/\/webcapital.biz\/wp-content\/uploads\/2024\/10\/Untitled-design-5.png\",\"contentUrl\":\"https:\/\/webcapital.biz\/wp-content\/uploads\/2024\/10\/Untitled-design-5.png\",\"width\":350,\"height\":100,\"caption\":\"WEB CAPITAL\"},\"image\":{\"@id\":\"https:\/\/webcapital.biz\/de\/#\/schema\/logo\/image\/\"}}]}<\/script>\n<!-- \/ Yoast SEO plugin. -->","yoast_head_json":{"title":"Datenschutzerkl\u00e4rung - WEB CAPITAL","robots":{"index":"noindex","follow":"follow","max-snippet":"max-snippet:-1","max-image-preview":"max-image-preview:large","max-video-preview":"max-video-preview:-1"},"og_locale":"de_DE","og_type":"article","og_title":"Datenschutzerkl\u00e4rung - WEB CAPITAL","og_description":"Teil A \u2013 Allgemeine Gesch\u00e4ftsbedingungen Willkommen zur Datenschutzrichtlinie von LenderKit (\u201eDatenschutzrichtlinie\u201c) Dies ist eine DEMO einer Datenschutzrichtlinie. Alle hier enthaltenen Informationen sind frei erfunden und dienen nur zu Darstellungszwecken. LenderKit respektiert Ihre Privatsph\u00e4re und verpflichtet sich, beim Schutz Ihrer personenbezogenen Daten, einschlie\u00dflich der Art und Weise, wie wir Ihre personenbezogenen Daten erheben, verwenden und sch\u00fctzen, [&hellip;]","og_url":"https:\/\/webcapital.biz\/de\/datenschutzerklaerung\/","og_site_name":"WEB CAPITAL","article_modified_time":"2025-08-28T08:51:13+00:00","twitter_card":"summary_large_image","twitter_misc":{"Est. reading time":"5 minutes"},"schema":{"@context":"https:\/\/schema.org","@graph":[{"@type":"WebPage","@id":"https:\/\/webcapital.biz\/de\/datenschutzerklaerung\/","url":"https:\/\/webcapital.biz\/de\/datenschutzerklaerung\/","name":"Datenschutzerkl\u00e4rung - WEB CAPITAL","isPartOf":{"@id":"https:\/\/webcapital.biz\/de\/#website"},"datePublished":"2024-10-18T07:24:39+00:00","dateModified":"2025-08-28T08:51:13+00:00","breadcrumb":{"@id":"https:\/\/webcapital.biz\/de\/datenschutzerklaerung\/#breadcrumb"},"inLanguage":"de-DE","potentialAction":[{"@type":"ReadAction","target":["https:\/\/webcapital.biz\/de\/datenschutzerklaerung\/"]}]},{"@type":"BreadcrumbList","@id":"https:\/\/webcapital.biz\/de\/datenschutzerklaerung\/#breadcrumb","itemListElement":[{"@type":"ListItem","position":1,"name":"Home","item":"https:\/\/webcapital.biz\/de\/"},{"@type":"ListItem","position":2,"name":"Datenschutzerkl\u00e4rung"}]},{"@type":"WebSite","@id":"https:\/\/webcapital.biz\/de\/#website","url":"https:\/\/webcapital.biz\/de\/","name":"WEB CAPITAL","description":"","publisher":{"@id":"https:\/\/webcapital.biz\/de\/#organization"},"potentialAction":[{"@type":"SearchAction","target":{"@type":"EntryPoint","urlTemplate":"https:\/\/webcapital.biz\/de\/?s={search_term_string}"},"query-input":{"@type":"PropertyValueSpecification","valueRequired":true,"valueName":"search_term_string"}}],"inLanguage":"de-DE"},{"@type":"Organization","@id":"https:\/\/webcapital.biz\/de\/#organization","name":"WEB CAPITAL","url":"https:\/\/webcapital.biz\/de\/","logo":{"@type":"ImageObject","inLanguage":"de-DE","@id":"https:\/\/webcapital.biz\/de\/#\/schema\/logo\/image\/","url":"https:\/\/webcapital.biz\/wp-content\/uploads\/2024\/10\/Untitled-design-5.png","contentUrl":"https:\/\/webcapital.biz\/wp-content\/uploads\/2024\/10\/Untitled-design-5.png","width":350,"height":100,"caption":"WEB CAPITAL"},"image":{"@id":"https:\/\/webcapital.biz\/de\/#\/schema\/logo\/image\/"}}]}},"_links":{"self":[{"href":"https:\/\/webcapital.biz\/de\/wp-json\/wp\/v2\/pages\/19773","targetHints":{"allow":["GET"]}}],"collection":[{"href":"https:\/\/webcapital.biz\/de\/wp-json\/wp\/v2\/pages"}],"about":[{"href":"https:\/\/webcapital.biz\/de\/wp-json\/wp\/v2\/types\/page"}],"author":[{"embeddable":true,"href":"https:\/\/webcapital.biz\/de\/wp-json\/wp\/v2\/users\/1"}],"replies":[{"embeddable":true,"href":"https:\/\/webcapital.biz\/de\/wp-json\/wp\/v2\/comments?post=19773"}],"version-history":[{"count":1,"href":"https:\/\/webcapital.biz\/de\/wp-json\/wp\/v2\/pages\/19773\/revisions"}],"predecessor-version":[{"id":19774,"href":"https:\/\/webcapital.biz\/de\/wp-json\/wp\/v2\/pages\/19773\/revisions\/19774"}],"wp:attachment":[{"href":"https:\/\/webcapital.biz\/de\/wp-json\/wp\/v2\/media?parent=19773"}],"curies":[{"name":"wp","href":"https:\/\/api.w.org\/{rel}","templated":true}]}}